{"id":145319,"date":"2024-11-07T19:31:05","date_gmt":"2024-11-07T18:31:05","guid":{"rendered":"https:\/\/fabianpanisello.com\/test\/?page_id=145319"},"modified":"2025-05-12T17:28:17","modified_gmt":"2025-05-12T15:28:17","slug":"works","status":"publish","type":"page","link":"https:\/\/fabianpanisello.com\/en\/works\/","title":{"rendered":"Works"},"content":{"rendered":"<div class=\"wpb-content-wrapper\"><p>[vc_row row_height_percent=&#8221;0&#8243; back_color=&#8221;color-lxmt&#8221; overlay_alpha=&#8221;50&#8243; gutter_size=&#8221;3&#8243; column_width_percent=&#8221;100&#8243; shift_y=&#8221;0&#8243; z_index=&#8221;0&#8243; content_parallax=&#8221;0&#8243; uncode_shortcode_id=&#8221;765112&#8243; back_color_type=&#8221;uncode-palette&#8221;][vc_column column_width_percent=&#8221;100&#8243; position_horizontal=&#8221;left&#8221; gutter_size=&#8221;3&#8243; overlay_alpha=&#8221;50&#8243; shift_x=&#8221;0&#8243; shift_y=&#8221;0&#8243; shift_y_down=&#8221;0&#8243; z_index=&#8221;0&#8243; medium_width=&#8221;0&#8243; mobile_width=&#8221;0&#8243; width=&#8221;1\/1&#8243; uncode_shortcode_id=&#8221;187520&#8243;][vc_custom_heading text_color=&#8221;color-197533&#8243; text_font=&#8221;font-667281&#8243; text_weight=&#8221;300&#8243; css_animation=&#8221;alpha-anim&#8221; animation_speed=&#8221;700&#8243; animation_delay=&#8221;400&#8243; uncode_shortcode_id=&#8221;288208&#8243; text_color_type=&#8221;uncode-palette&#8221;]Catalogue of works[\/vc_custom_heading][\/vc_column][\/vc_row][vc_row row_height_percent=&#8221;0&#8243; override_padding=&#8221;yes&#8221; h_padding=&#8221;2&#8243; top_padding=&#8221;2&#8243; bottom_padding=&#8221;2&#8243; overlay_alpha=&#8221;50&#8243; gutter_size=&#8221;3&#8243; column_width_percent=&#8221;100&#8243; shift_y=&#8221;0&#8243; z_index=&#8221;0&#8243; content_parallax=&#8221;0&#8243; uncode_shortcode_id=&#8221;100918&#8243; row_name=&#8221;obra&#8221;][vc_column column_width_percent=&#8221;100&#8243; align_horizontal=&#8221;align_center&#8221; gutter_size=&#8221;3&#8243; override_padding=&#8221;yes&#8221; column_padding=&#8221;2&#8243; style=&#8221;light&#8221; overlay_alpha=&#8221;50&#8243; shift_x=&#8221;0&#8243; shift_y=&#8221;0&#8243; shift_y_down=&#8221;0&#8243; z_index=&#8221;0&#8243; medium_width=&#8221;0&#8243; mobile_width=&#8221;0&#8243; width=&#8221;1\/1&#8243; uncode_shortcode_id=&#8221;108900&#8243;][uncode_index el_id=&#8221;index-137714&#8243; isotope_mode=&#8221;fitRows&#8221; loop=&#8221;size:80|order_by:date|post_type:post|categories:73,75,76,74,77,79,78|taxonomy_count:10&#8243; screen_lg=&#8221;1000&#8243; screen_md=&#8221;600&#8243; screen_sm=&#8221;480&#8243; filtering=&#8221;yes&#8221; filtering_full_width=&#8221;yes&#8221; filtering_position=&#8221;center&#8221; gutter_size=&#8221;3&#8243; post_items=&#8221;title,link|link|default_size|scale_mobile|default_width|default_outline|+ info&#8221; footer_back_color=&#8221;color-197533&#8243; single_back_color=&#8221;color-gyho&#8221; single_overlay_color=&#8221;color-197533&#8243; single_overlay_opacity=&#8221;50&#8243; single_padding=&#8221;1&#8243; single_thumb_hover=&#8221;yes&#8221; single_title_semantic=&#8221;h5&#8243; single_title_family=&#8221;font-667281&#8243; single_title_dimension=&#8221;h6&#8243; single_title_weight=&#8221;400&#8243; single_css_animation=&#8221;zoom-in&#8221; lbox_title=&#8221;yes&#8221; uncode_shortcode_id=&#8221;131406&#8243; items=&#8221;eyIxNDUzMDVfaSI6eyJzaW5nbGVfdGV4dCI6InVuZGVyIn19&#8243; filter_all_text=&#8221;All works&#8221; footer_back_color_type=&#8221;uncode-palette&#8221;][\/vc_column][\/vc_row]<\/p>\n<\/div>","protected":false},"excerpt":{"rendered":"<p>[vc_row row_height_percent=&#8221;0&#8243; back_color=&#8221;color-lxmt&#8221; overlay_alpha=&#8221;50&#8243; gutter_size=&#8221;3&#8243; column_width_percent=&#8221;100&#8243; shift_y=&#8221;0&#8243; z_index=&#8221;0&#8243; content_parallax=&#8221;0&#8243; uncode_shortcode_id=&#8221;765112&#8243; back_color_type=&#8221;uncode-palette&#8221;][vc_column column_width_percent=&#8221;100&#8243; position_horizontal=&#8221;left&#8221; gutter_size=&#8221;3&#8243; overlay_alpha=&#8221;50&#8243; shift_x=&#8221;0&#8243; shift_y=&#8221;0&#8243; shift_y_down=&#8221;0&#8243; z_index=&#8221;0&#8243; medium_width=&#8221;0&#8243; [&hellip;]<\/p>\n","protected":false},"author":1,"featured_media":146166,"parent":0,"menu_order":0,"comment_status":"closed","ping_status":"closed","template":"","meta":{"footnotes":""},"class_list":["post-145319","page","type-page","status-publish","has-post-thumbnail","hentry"],"yoast_head":"<!-- This site is optimized with the Yoast SEO plugin v27.2 - https:\/\/yoast.com\/product\/yoast-seo-wordpress\/ -->\n<title>FABI\u00c1N PANISELLO - Works<\/title>\n<meta name=\"description\" content=\"Fabi\u00e1n Panisello es compositor, director y profesor conocido internacionalmente en la escena de la m\u00fasica contempor\u00e1nea por la alta calidad de su obra. Director y fundador de PluralEnsemble.\" \/>\n<meta name=\"robots\" content=\"index, follow, max-snippet:-1, max-image-preview:large, max-video-preview:-1\" \/>\n<link rel=\"canonical\" href=\"https:\/\/fabianpanisello.com\/en\/works\/\" \/>\n<meta property=\"og:locale\" content=\"en_GB\" \/>\n<meta property=\"og:type\" content=\"article\" \/>\n<meta property=\"og:title\" content=\"FABI\u00c1N PANISELLO - Works\" \/>\n<meta property=\"og:description\" content=\"Fabi\u00e1n Panisello es compositor, director y profesor conocido internacionalmente en la escena de la m\u00fasica contempor\u00e1nea por la alta calidad de su obra. Director y fundador de PluralEnsemble.\" \/>\n<meta property=\"og:url\" content=\"https:\/\/fabianpanisello.com\/en\/works\/\" \/>\n<meta property=\"og:site_name\" content=\"FABI\u00c1N PANISELLO\" \/>\n<meta property=\"article:publisher\" content=\"https:\/\/www.facebook.com\/fabianandres.panisello\" \/>\n<meta property=\"article:modified_time\" content=\"2025-05-12T15:28:17+00:00\" \/>\n<meta property=\"og:image\" content=\"https:\/\/fabianpanisello.com\/en\/wp-content\/uploads\/2024\/12\/FP-Grafenegg-scaled-e1734885093841.jpg\" \/>\n\t<meta property=\"og:image:width\" content=\"1707\" \/>\n\t<meta property=\"og:image:height\" content=\"585\" \/>\n\t<meta property=\"og:image:type\" content=\"image\/jpeg\" \/>\n<meta name=\"twitter:card\" content=\"summary_large_image\" \/>\n<meta name=\"twitter:label1\" content=\"Estimated reading time\" \/>\n\t<meta name=\"twitter:data1\" content=\"1 minute\" \/>\n<script type=\"application\/ld+json\" class=\"yoast-schema-graph\">{\"@context\":\"https:\/\/schema.org\",\"@graph\":[{\"@type\":\"WebPage\",\"@id\":\"https:\/\/fabianpanisello.com\/en\/works\/\",\"url\":\"https:\/\/fabianpanisello.com\/en\/works\/\",\"name\":\"FABI\u00c1N PANISELLO - Works\",\"isPartOf\":{\"@id\":\"https:\/\/fabianpanisello.com\/en\/#website\"},\"primaryImageOfPage\":{\"@id\":\"https:\/\/fabianpanisello.com\/en\/works\/#primaryimage\"},\"image\":{\"@id\":\"https:\/\/fabianpanisello.com\/en\/works\/#primaryimage\"},\"thumbnailUrl\":\"https:\/\/fabianpanisello.com\/en\/wp-content\/uploads\/2024\/12\/FP-Grafenegg-scaled-e1734885093841.jpg\",\"datePublished\":\"2024-11-07T18:31:05+00:00\",\"dateModified\":\"2025-05-12T15:28:17+00:00\",\"description\":\"Fabi\u00e1n Panisello es compositor, director y profesor conocido internacionalmente en la escena de la m\u00fasica contempor\u00e1nea por la alta calidad de su obra. Director y fundador de PluralEnsemble.\",\"breadcrumb\":{\"@id\":\"https:\/\/fabianpanisello.com\/en\/works\/#breadcrumb\"},\"inLanguage\":\"en-GB\",\"potentialAction\":[{\"@type\":\"ReadAction\",\"target\":[\"https:\/\/fabianpanisello.com\/en\/works\/\"]}]},{\"@type\":\"ImageObject\",\"inLanguage\":\"en-GB\",\"@id\":\"https:\/\/fabianpanisello.com\/en\/works\/#primaryimage\",\"url\":\"https:\/\/fabianpanisello.com\/en\/wp-content\/uploads\/2024\/12\/FP-Grafenegg-scaled-e1734885093841.jpg\",\"contentUrl\":\"https:\/\/fabianpanisello.com\/en\/wp-content\/uploads\/2024\/12\/FP-Grafenegg-scaled-e1734885093841.jpg\",\"width\":1707,\"height\":585},{\"@type\":\"BreadcrumbList\",\"@id\":\"https:\/\/fabianpanisello.com\/en\/works\/#breadcrumb\",\"itemListElement\":[{\"@type\":\"ListItem\",\"position\":1,\"name\":\"Portada\",\"item\":\"https:\/\/fabianpanisello.com\/en\/\"},{\"@type\":\"ListItem\",\"position\":2,\"name\":\"Works\"}]},{\"@type\":\"WebSite\",\"@id\":\"https:\/\/fabianpanisello.com\/en\/#website\",\"url\":\"https:\/\/fabianpanisello.com\/en\/\",\"name\":\"FABI\u00c1N PANISELLO\",\"description\":\"Composer, conductor, and professor\",\"publisher\":{\"@id\":\"https:\/\/fabianpanisello.com\/en\/#organization\"},\"potentialAction\":[{\"@type\":\"SearchAction\",\"target\":{\"@type\":\"EntryPoint\",\"urlTemplate\":\"https:\/\/fabianpanisello.com\/en\/?s={search_term_string}\"},\"query-input\":{\"@type\":\"PropertyValueSpecification\",\"valueRequired\":true,\"valueName\":\"search_term_string\"}}],\"inLanguage\":\"en-GB\"},{\"@type\":\"Organization\",\"@id\":\"https:\/\/fabianpanisello.com\/en\/#organization\",\"name\":\"Fabi\u00e1n Panisello\",\"url\":\"https:\/\/fabianpanisello.com\/en\/\",\"logo\":{\"@type\":\"ImageObject\",\"inLanguage\":\"en-GB\",\"@id\":\"https:\/\/fabianpanisello.com\/en\/#\/schema\/logo\/image\/\",\"url\":\"https:\/\/fabianpanisello.com\/en\/wp-content\/uploads\/2025\/03\/favicon.png\",\"contentUrl\":\"https:\/\/fabianpanisello.com\/en\/wp-content\/uploads\/2025\/03\/favicon.png\",\"width\":472,\"height\":472,\"caption\":\"Fabi\u00e1n Panisello\"},\"image\":{\"@id\":\"https:\/\/fabianpanisello.com\/en\/#\/schema\/logo\/image\/\"},\"sameAs\":[\"https:\/\/www.facebook.com\/fabianandres.panisello\",\"https:\/\/www.instagram.com\/fabianandrespanisello\/\"]}]}<\/script>\n<!-- \/ Yoast SEO plugin. -->","yoast_head_json":{"title":"FABI\u00c1N PANISELLO - Works","description":"Fabi\u00e1n Panisello es compositor, director y profesor conocido internacionalmente en la escena de la m\u00fasica contempor\u00e1nea por la alta calidad de su obra. Director y fundador de PluralEnsemble.","robots":{"index":"index","follow":"follow","max-snippet":"max-snippet:-1","max-image-preview":"max-image-preview:large","max-video-preview":"max-video-preview:-1"},"canonical":"https:\/\/fabianpanisello.com\/en\/works\/","og_locale":"en_GB","og_type":"article","og_title":"FABI\u00c1N PANISELLO - Works","og_description":"Fabi\u00e1n Panisello es compositor, director y profesor conocido internacionalmente en la escena de la m\u00fasica contempor\u00e1nea por la alta calidad de su obra. Director y fundador de PluralEnsemble.","og_url":"https:\/\/fabianpanisello.com\/en\/works\/","og_site_name":"FABI\u00c1N PANISELLO","article_publisher":"https:\/\/www.facebook.com\/fabianandres.panisello","article_modified_time":"2025-05-12T15:28:17+00:00","og_image":[{"width":1707,"height":585,"url":"https:\/\/fabianpanisello.com\/en\/wp-content\/uploads\/2024\/12\/FP-Grafenegg-scaled-e1734885093841.jpg","type":"image\/jpeg"}],"twitter_card":"summary_large_image","twitter_misc":{"Estimated reading time":"1 minute"},"schema":{"@context":"https:\/\/schema.org","@graph":[{"@type":"WebPage","@id":"https:\/\/fabianpanisello.com\/en\/works\/","url":"https:\/\/fabianpanisello.com\/en\/works\/","name":"FABI\u00c1N PANISELLO - Works","isPartOf":{"@id":"https:\/\/fabianpanisello.com\/en\/#website"},"primaryImageOfPage":{"@id":"https:\/\/fabianpanisello.com\/en\/works\/#primaryimage"},"image":{"@id":"https:\/\/fabianpanisello.com\/en\/works\/#primaryimage"},"thumbnailUrl":"https:\/\/fabianpanisello.com\/en\/wp-content\/uploads\/2024\/12\/FP-Grafenegg-scaled-e1734885093841.jpg","datePublished":"2024-11-07T18:31:05+00:00","dateModified":"2025-05-12T15:28:17+00:00","description":"Fabi\u00e1n Panisello es compositor, director y profesor conocido internacionalmente en la escena de la m\u00fasica contempor\u00e1nea por la alta calidad de su obra. Director y fundador de PluralEnsemble.","breadcrumb":{"@id":"https:\/\/fabianpanisello.com\/en\/works\/#breadcrumb"},"inLanguage":"en-GB","potentialAction":[{"@type":"ReadAction","target":["https:\/\/fabianpanisello.com\/en\/works\/"]}]},{"@type":"ImageObject","inLanguage":"en-GB","@id":"https:\/\/fabianpanisello.com\/en\/works\/#primaryimage","url":"https:\/\/fabianpanisello.com\/en\/wp-content\/uploads\/2024\/12\/FP-Grafenegg-scaled-e1734885093841.jpg","contentUrl":"https:\/\/fabianpanisello.com\/en\/wp-content\/uploads\/2024\/12\/FP-Grafenegg-scaled-e1734885093841.jpg","width":1707,"height":585},{"@type":"BreadcrumbList","@id":"https:\/\/fabianpanisello.com\/en\/works\/#breadcrumb","itemListElement":[{"@type":"ListItem","position":1,"name":"Portada","item":"https:\/\/fabianpanisello.com\/en\/"},{"@type":"ListItem","position":2,"name":"Works"}]},{"@type":"WebSite","@id":"https:\/\/fabianpanisello.com\/en\/#website","url":"https:\/\/fabianpanisello.com\/en\/","name":"FABI\u00c1N PANISELLO","description":"Composer, conductor, and professor","publisher":{"@id":"https:\/\/fabianpanisello.com\/en\/#organization"},"potentialAction":[{"@type":"SearchAction","target":{"@type":"EntryPoint","urlTemplate":"https:\/\/fabianpanisello.com\/en\/?s={search_term_string}"},"query-input":{"@type":"PropertyValueSpecification","valueRequired":true,"valueName":"search_term_string"}}],"inLanguage":"en-GB"},{"@type":"Organization","@id":"https:\/\/fabianpanisello.com\/en\/#organization","name":"Fabi\u00e1n Panisello","url":"https:\/\/fabianpanisello.com\/en\/","logo":{"@type":"ImageObject","inLanguage":"en-GB","@id":"https:\/\/fabianpanisello.com\/en\/#\/schema\/logo\/image\/","url":"https:\/\/fabianpanisello.com\/en\/wp-content\/uploads\/2025\/03\/favicon.png","contentUrl":"https:\/\/fabianpanisello.com\/en\/wp-content\/uploads\/2025\/03\/favicon.png","width":472,"height":472,"caption":"Fabi\u00e1n Panisello"},"image":{"@id":"https:\/\/fabianpanisello.com\/en\/#\/schema\/logo\/image\/"},"sameAs":["https:\/\/www.facebook.com\/fabianandres.panisello","https:\/\/www.instagram.com\/fabianandrespanisello\/"]}]}},"_links":{"self":[{"href":"https:\/\/fabianpanisello.com\/en\/wp-json\/wp\/v2\/pages\/145319","targetHints":{"allow":["GET"]}}],"collection":[{"href":"https:\/\/fabianpanisello.com\/en\/wp-json\/wp\/v2\/pages"}],"about":[{"href":"https:\/\/fabianpanisello.com\/en\/wp-json\/wp\/v2\/types\/page"}],"author":[{"embeddable":true,"href":"https:\/\/fabianpanisello.com\/en\/wp-json\/wp\/v2\/users\/1"}],"replies":[{"embeddable":true,"href":"https:\/\/fabianpanisello.com\/en\/wp-json\/wp\/v2\/comments?post=145319"}],"version-history":[{"count":84,"href":"https:\/\/fabianpanisello.com\/en\/wp-json\/wp\/v2\/pages\/145319\/revisions"}],"predecessor-version":[{"id":147624,"href":"https:\/\/fabianpanisello.com\/en\/wp-json\/wp\/v2\/pages\/145319\/revisions\/147624"}],"wp:featuredmedia":[{"embeddable":true,"href":"https:\/\/fabianpanisello.com\/en\/wp-json\/wp\/v2\/media\/146166"}],"wp:attachment":[{"href":"https:\/\/fabianpanisello.com\/en\/wp-json\/wp\/v2\/media?parent=145319"}],"curies":[{"name":"wp","href":"https:\/\/api.w.org\/{rel}","templated":true}]}}