{"id":146958,"date":"2025-04-07T14:38:32","date_gmt":"2025-04-07T13:38:32","guid":{"rendered":"https:\/\/fabianpanisello.com\/nuevo\/?page_id=146958"},"modified":"2025-05-12T17:09:35","modified_gmt":"2025-05-12T15:09:35","slug":"biografia-fabian-panisello","status":"publish","type":"page","link":"https:\/\/fabianpanisello.com\/en\/biografia-fabian-panisello\/","title":{"rendered":"biograf\u00eda"},"content":{"rendered":"<div class=\"wpb-content-wrapper\"><p>[vc_row row_height_percent=&#8221;0&#8243; back_color=&#8221;color-lxmt&#8221; overlay_alpha=&#8221;50&#8243; gutter_size=&#8221;3&#8243; column_width_percent=&#8221;100&#8243; shift_y=&#8221;0&#8243; z_index=&#8221;0&#8243; content_parallax=&#8221;0&#8243; uncode_shortcode_id=&#8221;765112&#8243; back_color_type=&#8221;uncode-palette&#8221;][vc_column column_width_percent=&#8221;100&#8243; position_horizontal=&#8221;left&#8221; gutter_size=&#8221;3&#8243; overlay_alpha=&#8221;50&#8243; shift_x=&#8221;0&#8243; shift_y=&#8221;0&#8243; shift_y_down=&#8221;0&#8243; z_index=&#8221;0&#8243; medium_width=&#8221;0&#8243; mobile_width=&#8221;0&#8243; width=&#8221;1\/1&#8243; uncode_shortcode_id=&#8221;187520&#8243;][vc_custom_heading text_color=&#8221;color-197533&#8243; text_font=&#8221;font-667281&#8243; text_weight=&#8221;300&#8243; css_animation=&#8221;alpha-anim&#8221; animation_speed=&#8221;700&#8243; animation_delay=&#8221;400&#8243; uncode_shortcode_id=&#8221;192656&#8243; text_color_type=&#8221;uncode-palette&#8221;]Biograf\u00eda[\/vc_custom_heading][\/vc_column][\/vc_row][vc_row][vc_column column_width_percent=&#8221;100&#8243; gutter_size=&#8221;3&#8243; override_padding=&#8221;yes&#8221; column_padding=&#8221;2&#8243; overlay_alpha=&#8221;50&#8243; shift_x=&#8221;0&#8243; shift_y=&#8221;0&#8243; shift_y_down=&#8221;0&#8243; z_index=&#8221;0&#8243; medium_width=&#8221;0&#8243; mobile_width=&#8221;0&#8243; width=&#8221;1\/2&#8243; uncode_shortcode_id=&#8221;547918&#8243;][vc_column_text uncode_shortcode_id=&#8221;591493&#8243;]<strong>Fabi\u00e1n Panisello<\/strong> (Argentina\/Espa\u00f1a, 1963) re\u00fane las tres facetas de su actividad, composici\u00f3n, direcci\u00f3n y ense\u00f1anza, al m\u00e1s alto nivel y es reconocido internacionalmente por su compromiso con la m\u00fasica de los siglos <span style=\"font-variant: small-caps;\">xx<\/span> y <span style=\"font-variant: small-caps;\">xxi<\/span>, as\u00ed como el apoyo a las nuevas generaciones.<\/p>\n<p>Fue director acad\u00e9mico y decano de la Escuela Superior de M\u00fasica Reina Sof\u00eda desde 1996 hasta 2019, donde es catedr\u00e1tico de Composici\u00f3n desde entonces. Igualmente, es profesor invitado en instituciones acad\u00e9micas superiores, como la Royal Academy of Music, China Conservatory, University of Shangai, Jerusalem Academy, E\u00f6tv\u00f6s Foundation, Universidad de Bogot\u00e1, Centro Nacional de las Artes\/Facultad Superior de M\u00fasica (M\u00e9xico), UC Davis (Cal\/EE. UU.), University of Zagreb Academy of Music, Yerevan Komitas State Conservatory, Hochschule f\u00fcr Musik und Theater M\u00fcnchen, Kunstuniversit\u00e4t Graz, C\u00e1tedra Manuel de Falla, etc.<\/p>\n<p>Panisello se form\u00f3 en composici\u00f3n con Francisco Kr\u00f6pfl en Buenos Aires y Boguslaw Schaeffer en el Mozarteum de Salzburgo y con Peter E\u00f6tvos en direcci\u00f3n, estudios que complet\u00f3 con voces destacadas de la creaci\u00f3n del siglo <span style=\"font-variant: small-caps;\">xx<\/span>, como Elliot Carter, Franco Donatoni, Brian Ferneyhough o Luis de Pablo. Su m\u00fasica, \u00abllena de ideas, intensa y rebosante de energ\u00eda\u00bb (Stockhausen), destaca por su fuerza motriz, l\u00edrica, dramatismo, refinamiento arm\u00f3nico y expresividad; caracter\u00edsticas que le han hecho recibir premios, como el Premio de Fondo Nacional de las Artes, de Buenos Aires, el <em>W\u00fcrdigungpreis <\/em>del Ministerio de Educaci\u00f3n, Ciencia y Cultura de Austria, <em>Mozarts Erben<\/em>, de Salzburgo o el Premio Iberoamericano de Composici\u00f3n \u00abRodolfo Halffter\u00bb, de M\u00e9xico, y becas, como la Beca Leonardo de la Fundaci\u00f3n BBVA, Beca de la Fundaci\u00f3n Antorchas de Buenos Aires, Beca de la Direcci\u00f3n General de Relaciones Culturales y Cient\u00edficas del Ministerio de Asuntos Exteriores de Espa\u00f1a, o Beca del Rector del Mozarteum de Salzburgo.<\/p>\n<p>Reconocido y apoyado internacionalmente por Pierre Boulez, Luciano Berio o Peter E\u00f6tvos, ha colaborado con ensembles y orquestas, entre los que se destacan la Orquesta SWR, Orquesta Sinf\u00f3nica de la BBC, Deustches Symphonie-Orchester, Orquesta y Coro Nacionales de Espa\u00f1a, Orquesta de Radio Televisi\u00f3n Espa\u00f1ola, Ensemble Modern, Cuarteto Arditti, Exaudi, etc.; solistas, como Marco Blaauw, Allison Bell, Francesco D\u2019Orazio, Hilary Summers, Dimitri Vassilakis, etc. o directores, como Susanna M\u00e4lkki, Pierre Boulez, Erik Nielsen, Zsolt Nagy, etc.<\/p>\n<p>Los \u00faltimos a\u00f1os se ha centrado en la \u00f3pera y, desde entonces, destaca por un \u00abmuy especial talento para la escena que crea un teatro apasionante con magn\u00edfica m\u00fasica\u00bb (E\u00f6tvos). Su forma de acercarse a la voz desde la melod\u00eda de la palabra y un dramatismo en el que la armon\u00eda tiene un papel principal crea una coherencia novedosa, que unifica lo mejor de la tradici\u00f3n con las formas dram\u00e1ticas contempor\u00e1neas.<\/p>\n<p>En 2016 estren\u00f3 <em>Le Malentendu<\/em>, sobre la obra de teatro hom\u00f3nima de Albert Camus y libreto de Juan Lucas. Fue obra beneficiaria de la Ayuda Fundaci\u00f3n BBVA a Investigadores y Creadores Culturales 2015 y coproducida por el Teatro Col\u00f3n de Buenos Aires, Festival de Oto\u00f1o de Varsovia, Neue Oper Wien, Teatros del Canal y Teatro Real de Madrid, con gran \u00e9xito de p\u00fablico y cr\u00edtica: \u00abnos hallamos seguramente ante el mejor estreno de \u00f3pera nueva del Teatro Real en mucho tiempo\u00bb (Tom\u00e1s Marco, <em>Scherzo<\/em>).[\/vc_column_text][\/vc_column][vc_column column_width_percent=&#8221;100&#8243; gutter_size=&#8221;3&#8243; override_padding=&#8221;yes&#8221; column_padding=&#8221;2&#8243; overlay_alpha=&#8221;50&#8243; shift_x=&#8221;0&#8243; shift_y=&#8221;0&#8243; shift_y_down=&#8221;0&#8243; z_index=&#8221;0&#8243; medium_width=&#8221;0&#8243; mobile_width=&#8221;0&#8243; width=&#8221;1\/2&#8243; uncode_shortcode_id=&#8221;156384&#8243;][vc_column_text uncode_shortcode_id=&#8221;262363&#8243;]<em>Les Rois Mages <\/em>(2018), teatro musical multimedia, con libreto de Gilles Rico, sobre la novela de Michel Tournier, muestra un esquema m\u00e1s peque\u00f1o e \u00edntimo, no por ello exento de intensidad. Encargo de la Fundaci\u00f3n Ernst von Siemens a trav\u00e9s del Centro Superior de Investigaci\u00f3n y Promoci\u00f3n de la M\u00fasica y la Fundaci\u00f3n Universidad Aut\u00f3noma de Madrid, fue estrenada en enero de 2019 recibiendo una gran acogida del p\u00fablico y la cr\u00edtica, y ha estado presente en ciudades como Niza, Tel Aviv, M\u00fanich, Viena y Berl\u00edn, entre otras.<\/p>\n<p>Su reciente composici\u00f3n dram\u00e1tica, <em>Die Judith von Shimoda, <\/em>con libreto de Juan Lucas, sobre la adaptaci\u00f3n de B. Brecht y H. Wuolijoki de la pieza <em>Nyonin Aishi. Akichi Monogatari<\/em>, de Yamamoto Y\u016bz\u014d, es un encargo del Festival de Bregenz 2023 en coproducci\u00f3n con Viena. La \u00f3pera, ya de formato amplio, fue recibida con expectaci\u00f3n y cr\u00edticas como \u00aba la pieza en s\u00ed, es decir, a la original japonesa, la convierte en una obra maestra de conversaci\u00f3n con alto contenido emocional\u00bb (<em>S\u00fcdDeustche Zeitung<\/em>). <em>Die Judith von Shimoda<\/em> fue nominada como mejor estreno 2024 por el \u00d6sterreichischer Musiktheraterpreis.<\/p>\n<p>Como director, destaca su compromiso con la m\u00fasica de los siglos <span style=\"font-variant: small-caps;\">xx<\/span>\u00a0y <span style=\"font-variant: small-caps;\">xxi<\/span>, a trav\u00e9s del grupo PluralEnsemble, del que es fundador y director art\u00edstico. Con ellos ha estrenado e interpretado piezas de los compositores m\u00e1s relevantes del panorama internacional y ha apoyado a las nuevas generaciones a trav\u00e9s de encargos y giras. La discograf\u00eda del grupo incluye grabaciones para sellos como Neos, col legno, Cypres, Verso, IBS Classical o Columna M\u00fasica.<\/p>\n<p>Tambi\u00e9n ha participado como director y compositor en festivales dedicados a la m\u00fasica contempor\u00e1nea, como Wien Modern, Munich Biennale, Pr\u00e9sences, Ars Musica, Ultraschall, Aspekte, Manca o Klangspuren Schwaz, y en las recientes temporadas ha sido invitado al Sound Ways Festival de San Petersburgo, New Music Week Festival de Shangh\u00e1i, Festival Manca de Niza, Bridges Festival del Konzerthaus de Viena o al China-ASEAN Music Festival.<\/p>\n<p>En 2023-2024 dirigi\u00f3 programas como el homenaje a Peter E\u00f6tv\u00f6s por su 80 cumplea\u00f1os (Concerto Budapest Orchestra, Neue Vokalsolisten) o los ensembles Riot (Londres), United Berlin, Turning Point (Vancouver), entre otros. Su creciente actividad le lleva en 2024-2025 a dirigir ICP (Israel), Cantus Ansambl (Croacia) y debutar con las Orquestas Tonk\u00fcnstler Orchester, Sinf\u00f3nica de Galicia, Euskadiko Orkestra y Orquesta sinf\u00f3nica de Savaria (Hungr\u00eda).<\/p>\n<p>Durante la \u00faltima temporada ha estrenado, adem\u00e1s de la mencionada \u00f3pera <em>Judith von Shimoda<\/em>, el Concierto para trompa (Vlatkovi\u010d, Nielsen, ORTVE), <em>Seven Japanese Sketches<\/em> (Ortega, Amaryllis Quartett), <em>L\u2019\u00e2ge de la raison<\/em> (Corrado, Syntax, Milano) y <em>Written in blue<\/em> (Blanco, Nagy, Sinfonietta ESMRS). Es compositor residente del Festival de Grafenegg 2025.<\/p>\n<p>Publica sus obras con Edition Peters.<\/p>\n<p>&nbsp;<\/p>\n<p>[\/vc_column_text][\/vc_column][\/vc_row][vc_row][vc_column width=&#8221;1\/1&#8243;][vc_row_inner][vc_column_inner width=&#8221;1\/1&#8243;][vc_column_text uncode_shortcode_id=&#8221;421577&#8243;]<em>Abril 2025 \/ 956 palabras. Por favor no altere el contenido del texto sin permiso y destruya textos anteriores.<\/em><\/p>\n<p>Fabi\u00e1n Panisello est\u00e1 representado por Karsten Witt Management <a href=\"mailto:em@karstenwitt.com\" target=\"_blank\" rel=\"noopener\">em@karstenwitt.com<\/a><\/p>\n<p><a href=\"http:\/\/www.pluralensemble.com\" target=\"_blank\" rel=\"noopener noreferrer\">www.pluralensemble.com<\/a><br \/>\n<a href=\"https:\/\/www.wisemusicclassical.com\/composer\/6136\/Fabi%C3%A1n-Panisello\/\">www.wisemusicclassical.com\/composer\/6136\/Fabi\u00e1n-Panisello\/<\/a>[\/vc_column_text][\/vc_column_inner][\/vc_row_inner][\/vc_column][\/vc_row]<\/p>\n<\/div>","protected":false},"excerpt":{"rendered":"<p>[vc_row row_height_percent=&#8221;0&#8243; back_color=&#8221;color-lxmt&#8221; overlay_alpha=&#8221;50&#8243; gutter_size=&#8221;3&#8243; column_width_percent=&#8221;100&#8243; shift_y=&#8221;0&#8243; z_index=&#8221;0&#8243; content_parallax=&#8221;0&#8243; uncode_shortcode_id=&#8221;765112&#8243; back_color_type=&#8221;uncode-palette&#8221;][vc_column column_width_percent=&#8221;100&#8243; position_horizontal=&#8221;left&#8221; gutter_size=&#8221;3&#8243; overlay_alpha=&#8221;50&#8243; shift_x=&#8221;0&#8243; shift_y=&#8221;0&#8243; shift_y_down=&#8221;0&#8243; z_index=&#8221;0&#8243; medium_width=&#8221;0&#8243; [&hellip;]<\/p>\n","protected":false},"author":1,"featured_media":0,"parent":0,"menu_order":0,"comment_status":"closed","ping_status":"closed","template":"","meta":{"footnotes":""},"class_list":["post-146958","page","type-page","status-publish","hentry"],"yoast_head":"<!-- This site is optimized with the Yoast SEO plugin v27.2 - https:\/\/yoast.com\/product\/yoast-seo-wordpress\/ -->\n<title>FABI\u00c1N PANISELLO - biograf\u00eda<\/title>\n<meta name=\"description\" content=\"Fabi\u00e1n Panisello es compositor, director y profesor conocido internacionalmente en la escena de la m\u00fasica contempor\u00e1nea por la alta calidad de su obra. Director y fundador de PluralEnsemble.\" \/>\n<meta name=\"robots\" content=\"index, follow, max-snippet:-1, max-image-preview:large, max-video-preview:-1\" \/>\n<link rel=\"canonical\" href=\"https:\/\/fabianpanisello.com\/en\/biografia-fabian-panisello\/\" \/>\n<meta property=\"og:locale\" content=\"en_GB\" \/>\n<meta property=\"og:type\" content=\"article\" \/>\n<meta property=\"og:title\" content=\"FABI\u00c1N PANISELLO - biograf\u00eda\" \/>\n<meta property=\"og:description\" content=\"Fabi\u00e1n Panisello es compositor, director y profesor conocido internacionalmente en la escena de la m\u00fasica contempor\u00e1nea por la alta calidad de su obra. Director y fundador de PluralEnsemble.\" \/>\n<meta property=\"og:url\" content=\"https:\/\/fabianpanisello.com\/en\/biografia-fabian-panisello\/\" \/>\n<meta property=\"og:site_name\" content=\"FABI\u00c1N PANISELLO\" \/>\n<meta property=\"article:publisher\" content=\"https:\/\/www.facebook.com\/fabianandres.panisello\" \/>\n<meta property=\"article:modified_time\" content=\"2025-05-12T15:09:35+00:00\" \/>\n<meta name=\"twitter:card\" content=\"summary_large_image\" \/>\n<meta name=\"twitter:label1\" content=\"Estimated reading time\" \/>\n\t<meta name=\"twitter:data1\" content=\"5 minutes\" \/>\n<script type=\"application\/ld+json\" class=\"yoast-schema-graph\">{\"@context\":\"https:\/\/schema.org\",\"@graph\":[{\"@type\":\"WebPage\",\"@id\":\"https:\/\/fabianpanisello.com\/en\/biografia-fabian-panisello\/\",\"url\":\"https:\/\/fabianpanisello.com\/en\/biografia-fabian-panisello\/\",\"name\":\"FABI\u00c1N PANISELLO - biograf\u00eda\",\"isPartOf\":{\"@id\":\"https:\/\/fabianpanisello.com\/en\/#website\"},\"datePublished\":\"2025-04-07T13:38:32+00:00\",\"dateModified\":\"2025-05-12T15:09:35+00:00\",\"description\":\"Fabi\u00e1n Panisello es compositor, director y profesor conocido internacionalmente en la escena de la m\u00fasica contempor\u00e1nea por la alta calidad de su obra. Director y fundador de PluralEnsemble.\",\"breadcrumb\":{\"@id\":\"https:\/\/fabianpanisello.com\/en\/biografia-fabian-panisello\/#breadcrumb\"},\"inLanguage\":\"en-GB\",\"potentialAction\":[{\"@type\":\"ReadAction\",\"target\":[\"https:\/\/fabianpanisello.com\/en\/biografia-fabian-panisello\/\"]}]},{\"@type\":\"BreadcrumbList\",\"@id\":\"https:\/\/fabianpanisello.com\/en\/biografia-fabian-panisello\/#breadcrumb\",\"itemListElement\":[{\"@type\":\"ListItem\",\"position\":1,\"name\":\"Portada\",\"item\":\"https:\/\/fabianpanisello.com\/en\/\"},{\"@type\":\"ListItem\",\"position\":2,\"name\":\"biograf\u00eda\"}]},{\"@type\":\"WebSite\",\"@id\":\"https:\/\/fabianpanisello.com\/en\/#website\",\"url\":\"https:\/\/fabianpanisello.com\/en\/\",\"name\":\"FABI\u00c1N PANISELLO\",\"description\":\"Composer, conductor, and professor\",\"publisher\":{\"@id\":\"https:\/\/fabianpanisello.com\/en\/#organization\"},\"potentialAction\":[{\"@type\":\"SearchAction\",\"target\":{\"@type\":\"EntryPoint\",\"urlTemplate\":\"https:\/\/fabianpanisello.com\/en\/?s={search_term_string}\"},\"query-input\":{\"@type\":\"PropertyValueSpecification\",\"valueRequired\":true,\"valueName\":\"search_term_string\"}}],\"inLanguage\":\"en-GB\"},{\"@type\":\"Organization\",\"@id\":\"https:\/\/fabianpanisello.com\/en\/#organization\",\"name\":\"Fabi\u00e1n Panisello\",\"url\":\"https:\/\/fabianpanisello.com\/en\/\",\"logo\":{\"@type\":\"ImageObject\",\"inLanguage\":\"en-GB\",\"@id\":\"https:\/\/fabianpanisello.com\/en\/#\/schema\/logo\/image\/\",\"url\":\"https:\/\/fabianpanisello.com\/en\/wp-content\/uploads\/2025\/03\/favicon.png\",\"contentUrl\":\"https:\/\/fabianpanisello.com\/en\/wp-content\/uploads\/2025\/03\/favicon.png\",\"width\":472,\"height\":472,\"caption\":\"Fabi\u00e1n Panisello\"},\"image\":{\"@id\":\"https:\/\/fabianpanisello.com\/en\/#\/schema\/logo\/image\/\"},\"sameAs\":[\"https:\/\/www.facebook.com\/fabianandres.panisello\",\"https:\/\/www.instagram.com\/fabianandrespanisello\/\"]}]}<\/script>\n<!-- \/ Yoast SEO plugin. -->","yoast_head_json":{"title":"FABI\u00c1N PANISELLO - biograf\u00eda","description":"Fabi\u00e1n Panisello es compositor, director y profesor conocido internacionalmente en la escena de la m\u00fasica contempor\u00e1nea por la alta calidad de su obra. Director y fundador de PluralEnsemble.","robots":{"index":"index","follow":"follow","max-snippet":"max-snippet:-1","max-image-preview":"max-image-preview:large","max-video-preview":"max-video-preview:-1"},"canonical":"https:\/\/fabianpanisello.com\/en\/biografia-fabian-panisello\/","og_locale":"en_GB","og_type":"article","og_title":"FABI\u00c1N PANISELLO - biograf\u00eda","og_description":"Fabi\u00e1n Panisello es compositor, director y profesor conocido internacionalmente en la escena de la m\u00fasica contempor\u00e1nea por la alta calidad de su obra. Director y fundador de PluralEnsemble.","og_url":"https:\/\/fabianpanisello.com\/en\/biografia-fabian-panisello\/","og_site_name":"FABI\u00c1N PANISELLO","article_publisher":"https:\/\/www.facebook.com\/fabianandres.panisello","article_modified_time":"2025-05-12T15:09:35+00:00","twitter_card":"summary_large_image","twitter_misc":{"Estimated reading time":"5 minutes"},"schema":{"@context":"https:\/\/schema.org","@graph":[{"@type":"WebPage","@id":"https:\/\/fabianpanisello.com\/en\/biografia-fabian-panisello\/","url":"https:\/\/fabianpanisello.com\/en\/biografia-fabian-panisello\/","name":"FABI\u00c1N PANISELLO - biograf\u00eda","isPartOf":{"@id":"https:\/\/fabianpanisello.com\/en\/#website"},"datePublished":"2025-04-07T13:38:32+00:00","dateModified":"2025-05-12T15:09:35+00:00","description":"Fabi\u00e1n Panisello es compositor, director y profesor conocido internacionalmente en la escena de la m\u00fasica contempor\u00e1nea por la alta calidad de su obra. Director y fundador de PluralEnsemble.","breadcrumb":{"@id":"https:\/\/fabianpanisello.com\/en\/biografia-fabian-panisello\/#breadcrumb"},"inLanguage":"en-GB","potentialAction":[{"@type":"ReadAction","target":["https:\/\/fabianpanisello.com\/en\/biografia-fabian-panisello\/"]}]},{"@type":"BreadcrumbList","@id":"https:\/\/fabianpanisello.com\/en\/biografia-fabian-panisello\/#breadcrumb","itemListElement":[{"@type":"ListItem","position":1,"name":"Portada","item":"https:\/\/fabianpanisello.com\/en\/"},{"@type":"ListItem","position":2,"name":"biograf\u00eda"}]},{"@type":"WebSite","@id":"https:\/\/fabianpanisello.com\/en\/#website","url":"https:\/\/fabianpanisello.com\/en\/","name":"FABI\u00c1N PANISELLO","description":"Composer, conductor, and professor","publisher":{"@id":"https:\/\/fabianpanisello.com\/en\/#organization"},"potentialAction":[{"@type":"SearchAction","target":{"@type":"EntryPoint","urlTemplate":"https:\/\/fabianpanisello.com\/en\/?s={search_term_string}"},"query-input":{"@type":"PropertyValueSpecification","valueRequired":true,"valueName":"search_term_string"}}],"inLanguage":"en-GB"},{"@type":"Organization","@id":"https:\/\/fabianpanisello.com\/en\/#organization","name":"Fabi\u00e1n Panisello","url":"https:\/\/fabianpanisello.com\/en\/","logo":{"@type":"ImageObject","inLanguage":"en-GB","@id":"https:\/\/fabianpanisello.com\/en\/#\/schema\/logo\/image\/","url":"https:\/\/fabianpanisello.com\/en\/wp-content\/uploads\/2025\/03\/favicon.png","contentUrl":"https:\/\/fabianpanisello.com\/en\/wp-content\/uploads\/2025\/03\/favicon.png","width":472,"height":472,"caption":"Fabi\u00e1n Panisello"},"image":{"@id":"https:\/\/fabianpanisello.com\/en\/#\/schema\/logo\/image\/"},"sameAs":["https:\/\/www.facebook.com\/fabianandres.panisello","https:\/\/www.instagram.com\/fabianandrespanisello\/"]}]}},"_links":{"self":[{"href":"https:\/\/fabianpanisello.com\/en\/wp-json\/wp\/v2\/pages\/146958","targetHints":{"allow":["GET"]}}],"collection":[{"href":"https:\/\/fabianpanisello.com\/en\/wp-json\/wp\/v2\/pages"}],"about":[{"href":"https:\/\/fabianpanisello.com\/en\/wp-json\/wp\/v2\/types\/page"}],"author":[{"embeddable":true,"href":"https:\/\/fabianpanisello.com\/en\/wp-json\/wp\/v2\/users\/1"}],"replies":[{"embeddable":true,"href":"https:\/\/fabianpanisello.com\/en\/wp-json\/wp\/v2\/comments?post=146958"}],"version-history":[{"count":10,"href":"https:\/\/fabianpanisello.com\/en\/wp-json\/wp\/v2\/pages\/146958\/revisions"}],"predecessor-version":[{"id":147618,"href":"https:\/\/fabianpanisello.com\/en\/wp-json\/wp\/v2\/pages\/146958\/revisions\/147618"}],"wp:attachment":[{"href":"https:\/\/fabianpanisello.com\/en\/wp-json\/wp\/v2\/media?parent=146958"}],"curies":[{"name":"wp","href":"https:\/\/api.w.org\/{rel}","templated":true}]}}