{"id":146963,"date":"2025-04-07T14:54:54","date_gmt":"2025-04-07T13:54:54","guid":{"rendered":"https:\/\/fabianpanisello.com\/nuevo\/?page_id=146963"},"modified":"2025-04-07T14:56:20","modified_gmt":"2025-04-07T13:56:20","slug":"biografie","status":"publish","type":"page","link":"https:\/\/fabianpanisello.com\/en\/biografie\/","title":{"rendered":"Biografie"},"content":{"rendered":"<div class=\"wpb-content-wrapper\"><p>[vc_row row_height_percent=&#8221;0&#8243; back_color=&#8221;color-lxmt&#8221; overlay_alpha=&#8221;50&#8243; gutter_size=&#8221;3&#8243; column_width_percent=&#8221;100&#8243; shift_y=&#8221;0&#8243; z_index=&#8221;0&#8243; content_parallax=&#8221;0&#8243; uncode_shortcode_id=&#8221;765112&#8243; back_color_type=&#8221;uncode-palette&#8221;][vc_column column_width_percent=&#8221;100&#8243; position_horizontal=&#8221;left&#8221; gutter_size=&#8221;3&#8243; overlay_alpha=&#8221;50&#8243; shift_x=&#8221;0&#8243; shift_y=&#8221;0&#8243; shift_y_down=&#8221;0&#8243; z_index=&#8221;0&#8243; medium_width=&#8221;0&#8243; mobile_width=&#8221;0&#8243; width=&#8221;1\/1&#8243; uncode_shortcode_id=&#8221;187520&#8243;][vc_custom_heading text_color=&#8221;color-197533&#8243; text_font=&#8221;font-667281&#8243; text_weight=&#8221;300&#8243; css_animation=&#8221;alpha-anim&#8221; animation_speed=&#8221;700&#8243; animation_delay=&#8221;400&#8243; uncode_shortcode_id=&#8221;287109&#8243; text_color_type=&#8221;uncode-palette&#8221;]Biografie[\/vc_custom_heading][\/vc_column][\/vc_row][vc_row][vc_column column_width_percent=&#8221;100&#8243; gutter_size=&#8221;3&#8243; override_padding=&#8221;yes&#8221; column_padding=&#8221;2&#8243; overlay_alpha=&#8221;50&#8243; shift_x=&#8221;0&#8243; shift_y=&#8221;0&#8243; shift_y_down=&#8221;0&#8243; z_index=&#8221;0&#8243; medium_width=&#8221;0&#8243; mobile_width=&#8221;0&#8243; width=&#8221;1\/2&#8243; uncode_shortcode_id=&#8221;547918&#8243;][vc_column_text uncode_shortcode_id=&#8221;647646&#8243;]Der argentinisch-spanische Komponist und Dirigent Fabi\u00e1n Panisello bewegt sich mit seiner lebendigen, anschaulichen und fein differenzierten Tonsprache auf der H\u00f6he der Zeit. Der langj\u00e4hrige Direktor der Hochschule Reina Sof\u00eda in Madrid hatte seine Ausbildung als Komponist in seiner Heimatstadt Buenos Aires bei Francisco Kr\u00f6pfl begonnen. 1993 schloss er als Sch\u00fcler von Boguslaw Schaeffer am Mozarteum in Salzburg sein Studium mit Auszeichnung ab. Weitere Impulse erhielt er von Elliott Carter, Franco Donatoni, Brian Ferneyhough und Luis de Pablo sowie im Fach Dirigieren von P\u00e9ter E\u00f6tv\u00f6s und Jorma Panula.<\/p>\n<p>Fabi\u00e1n Panisellos Kompositionen wurden und werden von namhaften Interpreten aufgef\u00fchrt. So brachte das Arditti Quartet beim Takefu Festival 2006 seine Three Movements zur Urauff\u00fchrung. Pierre Boulez dirigierte 2008 das SWR Sinfonieorchester mit dem Orchesterwerk Aksaks. Unter der Leitung von P\u00e9ter E\u00f6tv\u00f6s brachte das Orquesta Nacional de Espa\u00f1a 2009 Mandala zur Urauff\u00fchrung. Im Bereich der Vokalmusik folgten auf seine Gothic Songs, 2012 an der Alten Oper Frankfurt mit dem Bariton Leigh Melrose uraufgef\u00fchrt, zwei Monodramen: L\u2019Officina della resurrezione wurde 2014 in Katowice mit Bariton Holger Falk aus der Taufe gehoben; die Urauff\u00fchrung von The Raven bestritt Mezzosopranistin Annette Sch\u00f6nm\u00fcller mit dem PluralEnsemble 2022 im Mai in Madrid. Das Amaryllis Quartett und der Oboist Ram\u00f3n Ortega Quero brachten im Oktober 2023 Seven Japanese Sketches zur Urauff\u00fchrung; im Januar 2024 folgte ein neues Hornkonzert, uraufgef\u00fchrt von Radovan Vlatkovi\u0107 mit dem Radio Sinfonie Orchester Spanien unter der Leitung von Erik Nielsen. Die Premiere seiner Kammeroper Le Malentendu nach dem gleichnamigen B\u00fchnenst\u00fcck von Albert Camus wurde 2016 mit Begeisterung aufgenommen. Zu einem gro\u00dfen Erfolg geriet auch die Urauff\u00fchrung seiner Oper Les Rois mages, die im Auftrag der Ernst-von-Siemens-Musikstiftung und der Stiftung der Universidad Aut\u00f3noma de Madrid entstand. Nach der Urauff\u00fchrung im Januar 2019 im Auditorio Nacional de Madrid mit dem PluralEnsemble unter der Leitung des Komponisten wurde das Werk in Nizza, Tel Aviv, Wien und Klagenfurt pr\u00e4sentiert. Seine dritte Oper Die Judith von Shimoda, deren Libretto nach einem Text von Bertolt Brecht entstand, wurde im August 2023 bei den Bregenzer Festspielen mit gro\u00dfem Erfolg uraufgef\u00fchrt und anschlie\u00dfend in Wien gezeigt. Die Oper wurde in der Kategorie beste Urauff\u00fchrung f\u00fcr den \u00d6sterreichischen Musiktheaterpreis 2024 nominiert, der im September verliehen wird.[\/vc_column_text][\/vc_column][vc_column column_width_percent=&#8221;100&#8243; gutter_size=&#8221;3&#8243; override_padding=&#8221;yes&#8221; column_padding=&#8221;2&#8243; overlay_alpha=&#8221;50&#8243; shift_x=&#8221;0&#8243; shift_y=&#8221;0&#8243; shift_y_down=&#8221;0&#8243; z_index=&#8221;0&#8243; medium_width=&#8221;0&#8243; mobile_width=&#8221;0&#8243; width=&#8221;1\/2&#8243; uncode_shortcode_id=&#8221;156384&#8243;][vc_column_text uncode_shortcode_id=&#8221;975924&#8243;]Fabi\u00e1n Panisello arbeitet derzeit an Change, einem halbszenischen St\u00fcck f\u00fcr Bariton, Noh-S\u00e4ngerin (Ryoko Aoki), Bariton, Ensemble und Elektronik, das vom Kontakte Festival f\u00fcr elektroakustische Musik &amp; Klangkunst an der Akademie der K\u00fcnste Berlin in Zusammenarbeit mit dem Ensemble OENM Salzburg in Auftrag gegeben wurde. Die Urauff\u00fchrung ist im Oktober 2025 in Salzburg geplant, gefolgt von der deutschen Erstauff\u00fchrung in Berlin im Jahr 2027. Dar\u00fcber hinaus wird Fabi\u00e1n Panisello 2025 als Composer in Residence des Grafenegg Festivals ein neues Orchesterwerk komponieren und zur Urauff\u00fchrung bringen sowie den Composer-Conductor-Workshop Ink Still Wet leiten.<\/p>\n<p>Fabi\u00e1n Panisello ist Gr\u00fcnder und k\u00fcnstlerischer Leiter des PluralEnsemble, einem der herausragenden europ\u00e4ischen Ensembles f\u00fcr Neue Musik. Sowohl mit seinem Ensemble als auch als Komponist ist er regelm\u00e4\u00dfig zu Gast bei gro\u00dfen Festivals f\u00fcr zeitgen\u00f6ssische Musik wie Wien Modern, Pr\u00e9sences, Ars Musica, Ultraschall, Aspekte und Klangspuren Schwaz.<\/p>\n<p>Als Dirigent leitete Panisello daneben unter anderem das Ensemble Modern, Ensemble Orchestral Contemporain, Nouvel Ensemble Moderne und die Israel Contemporary Players. 2022 dirigierte er mit au\u00dferordentlichem Erfolg Luis de Pablos letzte Oper El Abrecartas am Teatro Real Madrid. Weitere Gastdirigate f\u00fchrten ihn in letzter Zeit zum Orquesta Sinf\u00f3nica National in Buenos Aires, dem Orquesta Sinf\u00f3nica de Tenerife, dem Joven Orquesta National de Espa\u00f1a (JONDE), Concerto<br \/>\nBudapest, Orquesta Sinf\u00f3nica de Galicia, Savaria Symphony Orchestra und zu Ensembles wie Paramibao in Quebec, Turning Point in Vancouver, Ensemble United Berlin, UMZE in Budapest und Riot in London. Sein Schaffen wurde von Pers\u00f6nlichkeiten wie Pierre Boulez, Luciano Berio und Karlheinz Stockhausen gew\u00fcrdigt und gef\u00f6rdert. Er gewann unter anderem den Salzburger Preis der Erben Mozarts und den Premio Iberoamericano de Composici\u00f3n Rodolfo Halffter. Fabi\u00e1n Panisello ist Mitglied der argentinischen Akademie der K\u00fcnste. Als Gastdozent war und ist er regelm\u00e4\u00dfig bei Institutionen wie der E\u00f6tv\u00f6s Foundation in Budapest, dem China Conservatory of Music in Peking, den Domaines Forg\u00e9s in Kanada, der The Jerusalem Academy of Music and Dance oder der Royal Academy of Music in London t\u00e4tig.<\/p>\n<p>Aufnahmen seiner Musik sind unter anderem bei den Labels NEOS, Col Legno, Cypres, Verso und Columna M\u00fasica erschienen. Verlegt werden seine Werke bei der Edition Peters.<br \/>\nSaison 2024\/25[\/vc_column_text][\/vc_column][\/vc_row][vc_row][vc_column width=&#8221;1\/1&#8243;][vc_row_inner][vc_column_inner width=&#8221;1\/1&#8243;][vc_column_text uncode_shortcode_id=&#8221;116601&#8243;]Wir bitten Sie, diese Biografie unver\u00e4ndert abzudrucken. Ver\u00e4nderungen sind nur nach R\u00fccksprache mit dem<br \/>\nManagement gestattet.<br \/>\nLink zur K\u00fcnstlerseite: <a href=\"https:\/\/de.karstenwitt.com\/kuenstler_in\/fabian-panisello\" target=\"_blank\" rel=\"noopener\">https:\/\/de.karstenwitt.com\/kuenstler_in\/fabian-panisello<\/a>[\/vc_column_text][\/vc_column_inner][\/vc_row_inner][\/vc_column][\/vc_row]<\/p>\n<\/div>","protected":false},"excerpt":{"rendered":"<p>[vc_row row_height_percent=&#8221;0&#8243; back_color=&#8221;color-lxmt&#8221; overlay_alpha=&#8221;50&#8243; gutter_size=&#8221;3&#8243; column_width_percent=&#8221;100&#8243; shift_y=&#8221;0&#8243; z_index=&#8221;0&#8243; content_parallax=&#8221;0&#8243; uncode_shortcode_id=&#8221;765112&#8243; back_color_type=&#8221;uncode-palette&#8221;][vc_column column_width_percent=&#8221;100&#8243; position_horizontal=&#8221;left&#8221; gutter_size=&#8221;3&#8243; overlay_alpha=&#8221;50&#8243; shift_x=&#8221;0&#8243; shift_y=&#8221;0&#8243; shift_y_down=&#8221;0&#8243; z_index=&#8221;0&#8243; medium_width=&#8221;0&#8243; [&hellip;]<\/p>\n","protected":false},"author":1,"featured_media":0,"parent":0,"menu_order":0,"comment_status":"closed","ping_status":"closed","template":"","meta":{"footnotes":""},"class_list":["post-146963","page","type-page","status-publish","hentry"],"yoast_head":"<!-- This site is optimized with the Yoast SEO plugin v27.2 - https:\/\/yoast.com\/product\/yoast-seo-wordpress\/ -->\n<title>FABI\u00c1N PANISELLO - Biografie<\/title>\n<meta name=\"description\" content=\"Fabi\u00e1n Panisello es compositor, director y profesor conocido internacionalmente en la escena de la m\u00fasica contempor\u00e1nea por la alta calidad de su obra. Director y fundador de PluralEnsemble.\" \/>\n<meta name=\"robots\" content=\"index, follow, max-snippet:-1, max-image-preview:large, max-video-preview:-1\" \/>\n<link rel=\"canonical\" href=\"https:\/\/fabianpanisello.com\/en\/biografie\/\" \/>\n<meta property=\"og:locale\" content=\"en_GB\" \/>\n<meta property=\"og:type\" content=\"article\" \/>\n<meta property=\"og:title\" content=\"FABI\u00c1N PANISELLO - Biografie\" \/>\n<meta property=\"og:description\" content=\"Fabi\u00e1n Panisello es compositor, director y profesor conocido internacionalmente en la escena de la m\u00fasica contempor\u00e1nea por la alta calidad de su obra. Director y fundador de PluralEnsemble.\" \/>\n<meta property=\"og:url\" content=\"https:\/\/fabianpanisello.com\/en\/biografie\/\" \/>\n<meta property=\"og:site_name\" content=\"FABI\u00c1N PANISELLO\" \/>\n<meta property=\"article:publisher\" content=\"https:\/\/www.facebook.com\/fabianandres.panisello\" \/>\n<meta property=\"article:modified_time\" content=\"2025-04-07T13:56:20+00:00\" \/>\n<meta name=\"twitter:card\" content=\"summary_large_image\" \/>\n<meta name=\"twitter:label1\" content=\"Estimated reading time\" \/>\n\t<meta name=\"twitter:data1\" content=\"5 minutes\" \/>\n<script type=\"application\/ld+json\" class=\"yoast-schema-graph\">{\"@context\":\"https:\/\/schema.org\",\"@graph\":[{\"@type\":\"WebPage\",\"@id\":\"https:\/\/fabianpanisello.com\/en\/biografie\/\",\"url\":\"https:\/\/fabianpanisello.com\/en\/biografie\/\",\"name\":\"FABI\u00c1N PANISELLO - Biografie\",\"isPartOf\":{\"@id\":\"https:\/\/fabianpanisello.com\/en\/#website\"},\"datePublished\":\"2025-04-07T13:54:54+00:00\",\"dateModified\":\"2025-04-07T13:56:20+00:00\",\"description\":\"Fabi\u00e1n Panisello es compositor, director y profesor conocido internacionalmente en la escena de la m\u00fasica contempor\u00e1nea por la alta calidad de su obra. Director y fundador de PluralEnsemble.\",\"breadcrumb\":{\"@id\":\"https:\/\/fabianpanisello.com\/en\/biografie\/#breadcrumb\"},\"inLanguage\":\"en-GB\",\"potentialAction\":[{\"@type\":\"ReadAction\",\"target\":[\"https:\/\/fabianpanisello.com\/en\/biografie\/\"]}]},{\"@type\":\"BreadcrumbList\",\"@id\":\"https:\/\/fabianpanisello.com\/en\/biografie\/#breadcrumb\",\"itemListElement\":[{\"@type\":\"ListItem\",\"position\":1,\"name\":\"Portada\",\"item\":\"https:\/\/fabianpanisello.com\/en\/\"},{\"@type\":\"ListItem\",\"position\":2,\"name\":\"Biografie\"}]},{\"@type\":\"WebSite\",\"@id\":\"https:\/\/fabianpanisello.com\/en\/#website\",\"url\":\"https:\/\/fabianpanisello.com\/en\/\",\"name\":\"FABI\u00c1N PANISELLO\",\"description\":\"Composer, conductor, and professor\",\"publisher\":{\"@id\":\"https:\/\/fabianpanisello.com\/en\/#organization\"},\"potentialAction\":[{\"@type\":\"SearchAction\",\"target\":{\"@type\":\"EntryPoint\",\"urlTemplate\":\"https:\/\/fabianpanisello.com\/en\/?s={search_term_string}\"},\"query-input\":{\"@type\":\"PropertyValueSpecification\",\"valueRequired\":true,\"valueName\":\"search_term_string\"}}],\"inLanguage\":\"en-GB\"},{\"@type\":\"Organization\",\"@id\":\"https:\/\/fabianpanisello.com\/en\/#organization\",\"name\":\"Fabi\u00e1n Panisello\",\"url\":\"https:\/\/fabianpanisello.com\/en\/\",\"logo\":{\"@type\":\"ImageObject\",\"inLanguage\":\"en-GB\",\"@id\":\"https:\/\/fabianpanisello.com\/en\/#\/schema\/logo\/image\/\",\"url\":\"https:\/\/fabianpanisello.com\/en\/wp-content\/uploads\/2025\/03\/favicon.png\",\"contentUrl\":\"https:\/\/fabianpanisello.com\/en\/wp-content\/uploads\/2025\/03\/favicon.png\",\"width\":472,\"height\":472,\"caption\":\"Fabi\u00e1n Panisello\"},\"image\":{\"@id\":\"https:\/\/fabianpanisello.com\/en\/#\/schema\/logo\/image\/\"},\"sameAs\":[\"https:\/\/www.facebook.com\/fabianandres.panisello\",\"https:\/\/www.instagram.com\/fabianandrespanisello\/\"]}]}<\/script>\n<!-- \/ Yoast SEO plugin. -->","yoast_head_json":{"title":"FABI\u00c1N PANISELLO - Biografie","description":"Fabi\u00e1n Panisello es compositor, director y profesor conocido internacionalmente en la escena de la m\u00fasica contempor\u00e1nea por la alta calidad de su obra. Director y fundador de PluralEnsemble.","robots":{"index":"index","follow":"follow","max-snippet":"max-snippet:-1","max-image-preview":"max-image-preview:large","max-video-preview":"max-video-preview:-1"},"canonical":"https:\/\/fabianpanisello.com\/en\/biografie\/","og_locale":"en_GB","og_type":"article","og_title":"FABI\u00c1N PANISELLO - Biografie","og_description":"Fabi\u00e1n Panisello es compositor, director y profesor conocido internacionalmente en la escena de la m\u00fasica contempor\u00e1nea por la alta calidad de su obra. Director y fundador de PluralEnsemble.","og_url":"https:\/\/fabianpanisello.com\/en\/biografie\/","og_site_name":"FABI\u00c1N PANISELLO","article_publisher":"https:\/\/www.facebook.com\/fabianandres.panisello","article_modified_time":"2025-04-07T13:56:20+00:00","twitter_card":"summary_large_image","twitter_misc":{"Estimated reading time":"5 minutes"},"schema":{"@context":"https:\/\/schema.org","@graph":[{"@type":"WebPage","@id":"https:\/\/fabianpanisello.com\/en\/biografie\/","url":"https:\/\/fabianpanisello.com\/en\/biografie\/","name":"FABI\u00c1N PANISELLO - Biografie","isPartOf":{"@id":"https:\/\/fabianpanisello.com\/en\/#website"},"datePublished":"2025-04-07T13:54:54+00:00","dateModified":"2025-04-07T13:56:20+00:00","description":"Fabi\u00e1n Panisello es compositor, director y profesor conocido internacionalmente en la escena de la m\u00fasica contempor\u00e1nea por la alta calidad de su obra. Director y fundador de PluralEnsemble.","breadcrumb":{"@id":"https:\/\/fabianpanisello.com\/en\/biografie\/#breadcrumb"},"inLanguage":"en-GB","potentialAction":[{"@type":"ReadAction","target":["https:\/\/fabianpanisello.com\/en\/biografie\/"]}]},{"@type":"BreadcrumbList","@id":"https:\/\/fabianpanisello.com\/en\/biografie\/#breadcrumb","itemListElement":[{"@type":"ListItem","position":1,"name":"Portada","item":"https:\/\/fabianpanisello.com\/en\/"},{"@type":"ListItem","position":2,"name":"Biografie"}]},{"@type":"WebSite","@id":"https:\/\/fabianpanisello.com\/en\/#website","url":"https:\/\/fabianpanisello.com\/en\/","name":"FABI\u00c1N PANISELLO","description":"Composer, conductor, and professor","publisher":{"@id":"https:\/\/fabianpanisello.com\/en\/#organization"},"potentialAction":[{"@type":"SearchAction","target":{"@type":"EntryPoint","urlTemplate":"https:\/\/fabianpanisello.com\/en\/?s={search_term_string}"},"query-input":{"@type":"PropertyValueSpecification","valueRequired":true,"valueName":"search_term_string"}}],"inLanguage":"en-GB"},{"@type":"Organization","@id":"https:\/\/fabianpanisello.com\/en\/#organization","name":"Fabi\u00e1n Panisello","url":"https:\/\/fabianpanisello.com\/en\/","logo":{"@type":"ImageObject","inLanguage":"en-GB","@id":"https:\/\/fabianpanisello.com\/en\/#\/schema\/logo\/image\/","url":"https:\/\/fabianpanisello.com\/en\/wp-content\/uploads\/2025\/03\/favicon.png","contentUrl":"https:\/\/fabianpanisello.com\/en\/wp-content\/uploads\/2025\/03\/favicon.png","width":472,"height":472,"caption":"Fabi\u00e1n Panisello"},"image":{"@id":"https:\/\/fabianpanisello.com\/en\/#\/schema\/logo\/image\/"},"sameAs":["https:\/\/www.facebook.com\/fabianandres.panisello","https:\/\/www.instagram.com\/fabianandrespanisello\/"]}]}},"_links":{"self":[{"href":"https:\/\/fabianpanisello.com\/en\/wp-json\/wp\/v2\/pages\/146963","targetHints":{"allow":["GET"]}}],"collection":[{"href":"https:\/\/fabianpanisello.com\/en\/wp-json\/wp\/v2\/pages"}],"about":[{"href":"https:\/\/fabianpanisello.com\/en\/wp-json\/wp\/v2\/types\/page"}],"author":[{"embeddable":true,"href":"https:\/\/fabianpanisello.com\/en\/wp-json\/wp\/v2\/users\/1"}],"replies":[{"embeddable":true,"href":"https:\/\/fabianpanisello.com\/en\/wp-json\/wp\/v2\/comments?post=146963"}],"version-history":[{"count":3,"href":"https:\/\/fabianpanisello.com\/en\/wp-json\/wp\/v2\/pages\/146963\/revisions"}],"predecessor-version":[{"id":146966,"href":"https:\/\/fabianpanisello.com\/en\/wp-json\/wp\/v2\/pages\/146963\/revisions\/146966"}],"wp:attachment":[{"href":"https:\/\/fabianpanisello.com\/en\/wp-json\/wp\/v2\/media?parent=146963"}],"curies":[{"name":"wp","href":"https:\/\/api.w.org\/{rel}","templated":true}]}}