{"id":147431,"date":"2025-04-19T21:31:06","date_gmt":"2025-04-19T19:31:06","guid":{"rendered":"https:\/\/fabianpanisello.com\/nuevo\/?page_id=147431"},"modified":"2025-05-13T11:54:28","modified_gmt":"2025-05-13T09:54:28","slug":"short-biography-conductor","status":"publish","type":"page","link":"https:\/\/fabianpanisello.com\/en\/short-biography-conductor\/","title":{"rendered":"Short Biography: Conductor"},"content":{"rendered":"<div class=\"wpb-content-wrapper\"><p>[vc_row row_height_percent=&#8221;0&#8243; back_color=&#8221;color-lxmt&#8221; overlay_alpha=&#8221;50&#8243; gutter_size=&#8221;3&#8243; column_width_percent=&#8221;100&#8243; shift_y=&#8221;0&#8243; z_index=&#8221;0&#8243; content_parallax=&#8221;0&#8243; uncode_shortcode_id=&#8221;765112&#8243; back_color_type=&#8221;uncode-palette&#8221;][vc_column column_width_percent=&#8221;100&#8243; position_horizontal=&#8221;left&#8221; gutter_size=&#8221;3&#8243; overlay_alpha=&#8221;50&#8243; shift_x=&#8221;0&#8243; shift_y=&#8221;0&#8243; shift_y_down=&#8221;0&#8243; z_index=&#8221;0&#8243; medium_width=&#8221;0&#8243; mobile_width=&#8221;0&#8243; width=&#8221;1\/1&#8243; uncode_shortcode_id=&#8221;187520&#8243;][vc_custom_heading text_color=&#8221;color-197533&#8243; text_font=&#8221;font-667281&#8243; text_weight=&#8221;300&#8243; css_animation=&#8221;alpha-anim&#8221; animation_speed=&#8221;700&#8243; animation_delay=&#8221;400&#8243; uncode_shortcode_id=&#8221;318759&#8243; text_color_type=&#8221;uncode-palette&#8221;]Short Biography: Conductor[\/vc_custom_heading][\/vc_column][\/vc_row][vc_row][vc_column column_width_percent=&#8221;100&#8243; gutter_size=&#8221;3&#8243; override_padding=&#8221;yes&#8221; column_padding=&#8221;0&#8243; overlay_alpha=&#8221;50&#8243; shift_x=&#8221;0&#8243; shift_y=&#8221;0&#8243; shift_y_down=&#8221;0&#8243; z_index=&#8221;0&#8243; medium_width=&#8221;0&#8243; mobile_width=&#8221;0&#8243; width=&#8221;1\/2&#8243; uncode_shortcode_id=&#8221;158649&#8243;][vc_column_text uncode_shortcode_id=&#8221;402253&#8243;]<\/p>\n<p dir=\"ltr\" data-pm-slice=\"0 0 []\">Fabi\u00e1n Panisello (Argentina\/Spain) combines his roles as composer, conductor, and educator at the highest level.<\/p>\n<p dir=\"ltr\">He is widely admired for his authoritative interpretations of 20th- and 21st-century music. As founder and artistic director of PluralEnsemble, he has premiered numerous works by leading contemporary composers. He has performed at major festivals, including Donaueschingen, Venice Biennale, Warsaw Autumn, Wien Modern, Pr\u00e9sences, and Ars Musica. His growing conducting engagements in 2024\/2025 include leading the ICP (Israel), Cantus Ensemble (Croatia), and debuting with the Tonk\u00fcnstler Orchestra, Orquesta Sinf\u00f3nica de Galicia, Basque National Orchestra, and Savaria Symphony Orchestra (Hungary).<\/p>\n<p dir=\"ltr\">Professor of Composition at the Escuela Superior de M\u00fasica Reina Sof\u00eda, he also teaches as a guest at prestigious institutions such as the Royal Academy of Music, E\u00f6tv\u00f6s Foundation, Jerusalem Academy, and China Conservatory.<\/p>\n<p>[\/vc_column_text][\/vc_column][vc_column column_width_percent=&#8221;100&#8243; gutter_size=&#8221;0&#8243; override_padding=&#8221;yes&#8221; column_padding=&#8221;0&#8243; overlay_alpha=&#8221;50&#8243; shift_x=&#8221;0&#8243; shift_y=&#8221;0&#8243; shift_y_down=&#8221;0&#8243; z_index=&#8221;0&#8243; medium_width=&#8221;0&#8243; mobile_width=&#8221;0&#8243; width=&#8221;1\/2&#8243; uncode_shortcode_id=&#8221;198568&#8243;][vc_column_text uncode_shortcode_id=&#8221;442625&#8243;]<\/p>\n<p dir=\"ltr\">Trained in composition at the Mozarteum in Salzburg and in conducting with Peter E\u00f6tv\u00f6s, his music\u2014\u2018full of ideas, intense and bursting with energy\u2019 (Stockhausen)\u2014is performed by ensembles such as the Arditti Quartet and Ensemble Modern, and orchestras including the Spanish National Orchestra\/OCNE, BBC Symphony Orchestra, Deutsches Symphonie-Orchester Berlin, SWR Baden-Baden Freiburg Symphony Orchestra, RTVE Orchestra, and Tonk\u00fcnstler Orchestra. In recent years, he has premiered his operas <em>Le Malentendu<\/em> and <em>Les Rois Mages<\/em> in cities such as Vienna, Nice, Berlin, Buenos Aires, Tel Aviv, and Madrid, and <em>Die Judith von Shimoda<\/em>, commissioned by the Bregenz Festival, which was nominated for Best Premiere of 2024 by the \u00d6sterreichischer Musiktheaterpreis.<\/p>\n<p dir=\"ltr\">This season, he has premiered his <em>Horn Concerto<\/em> (Radovan Vlatkovi\u0107, Erik Nielsen, RTVE), <em>Seven Japanese Sketches<\/em> (Ra\u00fal Ortega, Amaryllis Quartett), <em>L\u2019\u00e2ge de la raison<\/em> (Paolo Corrado, Syntax, Milano), and <em>Written in Blue<\/em> (Mario Blanco, Zsolt Nagy, Sinfonietta ESMRS). Fabi\u00e1n Panisello is the composer-in-residence at the Grafenegg Festival 2025.<\/p>\n<p dir=\"ltr\">His works are published by Edition Peters.<\/p>\n<p>[\/vc_column_text][\/vc_column][\/vc_row][vc_row][vc_column width=&#8221;1\/1&#8243;][vc_row_inner][vc_column_inner width=&#8221;1\/1&#8243;][vc_column_text uncode_shortcode_id=&#8221;152491&#8243;]<em>April 2025 \/ 261 words. Not to be altered without permission. Please destroy all previous biographical material.<\/em><\/p>\n<p>Fabian Panisello is represented by Karsten Witt Management\u00a0<a class=\"cursor-init\" href=\"mailto:em@karstenwitt.com\" target=\"_blank\" rel=\"noopener\">em@karstenwitt.com<\/a><\/p>\n<p><a href=\"https:\/\/pluralensemble.com\" target=\"_blank\" rel=\"noopener\">www.pluralensemble.com<\/a><br \/>\n<a href=\"https:\/\/www.wisemusicclassical.com\/composer\/6136\/Fabi%C3%A1n-Panisello\/\" target=\"_blank\" rel=\"noopener\">www.wisemusicclassical.com\/composer\/6136\/Fabi\u00e1n-Panisello\/<\/a>[\/vc_column_text][\/vc_column_inner][\/vc_row_inner][\/vc_column][\/vc_row]<\/p>\n<\/div>","protected":false},"excerpt":{"rendered":"<p>[vc_row row_height_percent=&#8221;0&#8243; back_color=&#8221;color-lxmt&#8221; overlay_alpha=&#8221;50&#8243; gutter_size=&#8221;3&#8243; column_width_percent=&#8221;100&#8243; shift_y=&#8221;0&#8243; z_index=&#8221;0&#8243; content_parallax=&#8221;0&#8243; uncode_shortcode_id=&#8221;765112&#8243; back_color_type=&#8221;uncode-palette&#8221;][vc_column column_width_percent=&#8221;100&#8243; position_horizontal=&#8221;left&#8221; gutter_size=&#8221;3&#8243; overlay_alpha=&#8221;50&#8243; shift_x=&#8221;0&#8243; shift_y=&#8221;0&#8243; shift_y_down=&#8221;0&#8243; z_index=&#8221;0&#8243; medium_width=&#8221;0&#8243; [&hellip;]<\/p>\n","protected":false},"author":1,"featured_media":0,"parent":0,"menu_order":0,"comment_status":"closed","ping_status":"closed","template":"","meta":{"footnotes":""},"class_list":["post-147431","page","type-page","status-publish","hentry"],"yoast_head":"<!-- This site is optimized with the Yoast SEO plugin v27.3 - https:\/\/yoast.com\/product\/yoast-seo-wordpress\/ -->\n<title>FABI\u00c1N PANISELLO - Short Biography: Conductor<\/title>\n<meta name=\"description\" content=\"Fabi\u00e1n Panisello es compositor, director y profesor conocido internacionalmente en la escena de la m\u00fasica contempor\u00e1nea por la alta calidad de su obra. Director y fundador de PluralEnsemble.\" \/>\n<meta name=\"robots\" content=\"index, follow, max-snippet:-1, max-image-preview:large, max-video-preview:-1\" \/>\n<link rel=\"canonical\" href=\"https:\/\/fabianpanisello.com\/en\/short-biography-conductor\/\" \/>\n<meta property=\"og:locale\" content=\"en_GB\" \/>\n<meta property=\"og:type\" content=\"article\" \/>\n<meta property=\"og:title\" content=\"FABI\u00c1N PANISELLO - Short Biography: Conductor\" \/>\n<meta property=\"og:description\" content=\"Fabi\u00e1n Panisello es compositor, director y profesor conocido internacionalmente en la escena de la m\u00fasica contempor\u00e1nea por la alta calidad de su obra. Director y fundador de PluralEnsemble.\" \/>\n<meta property=\"og:url\" content=\"https:\/\/fabianpanisello.com\/en\/short-biography-conductor\/\" \/>\n<meta property=\"og:site_name\" content=\"FABI\u00c1N PANISELLO\" \/>\n<meta property=\"article:publisher\" content=\"https:\/\/www.facebook.com\/fabianandres.panisello\" \/>\n<meta property=\"article:modified_time\" content=\"2025-05-13T09:54:28+00:00\" \/>\n<meta name=\"twitter:card\" content=\"summary_large_image\" \/>\n<meta name=\"twitter:label1\" content=\"Estimated reading time\" \/>\n\t<meta name=\"twitter:data1\" content=\"2 minutes\" \/>\n<script type=\"application\/ld+json\" class=\"yoast-schema-graph\">{\"@context\":\"https:\\\/\\\/schema.org\",\"@graph\":[{\"@type\":\"WebPage\",\"@id\":\"https:\\\/\\\/fabianpanisello.com\\\/en\\\/short-biography-conductor\\\/\",\"url\":\"https:\\\/\\\/fabianpanisello.com\\\/en\\\/short-biography-conductor\\\/\",\"name\":\"FABI\u00c1N PANISELLO - Short Biography: Conductor\",\"isPartOf\":{\"@id\":\"https:\\\/\\\/fabianpanisello.com\\\/en\\\/#website\"},\"datePublished\":\"2025-04-19T19:31:06+00:00\",\"dateModified\":\"2025-05-13T09:54:28+00:00\",\"description\":\"Fabi\u00e1n Panisello es compositor, director y profesor conocido internacionalmente en la escena de la m\u00fasica contempor\u00e1nea por la alta calidad de su obra. Director y fundador de PluralEnsemble.\",\"breadcrumb\":{\"@id\":\"https:\\\/\\\/fabianpanisello.com\\\/en\\\/short-biography-conductor\\\/#breadcrumb\"},\"inLanguage\":\"en-GB\",\"potentialAction\":[{\"@type\":\"ReadAction\",\"target\":[\"https:\\\/\\\/fabianpanisello.com\\\/en\\\/short-biography-conductor\\\/\"]}]},{\"@type\":\"BreadcrumbList\",\"@id\":\"https:\\\/\\\/fabianpanisello.com\\\/en\\\/short-biography-conductor\\\/#breadcrumb\",\"itemListElement\":[{\"@type\":\"ListItem\",\"position\":1,\"name\":\"Portada\",\"item\":\"https:\\\/\\\/fabianpanisello.com\\\/en\\\/\"},{\"@type\":\"ListItem\",\"position\":2,\"name\":\"Short Biography: Conductor\"}]},{\"@type\":\"WebSite\",\"@id\":\"https:\\\/\\\/fabianpanisello.com\\\/en\\\/#website\",\"url\":\"https:\\\/\\\/fabianpanisello.com\\\/en\\\/\",\"name\":\"FABI\u00c1N PANISELLO\",\"description\":\"Composer, conductor, and professor\",\"publisher\":{\"@id\":\"https:\\\/\\\/fabianpanisello.com\\\/en\\\/#organization\"},\"potentialAction\":[{\"@type\":\"SearchAction\",\"target\":{\"@type\":\"EntryPoint\",\"urlTemplate\":\"https:\\\/\\\/fabianpanisello.com\\\/en\\\/?s={search_term_string}\"},\"query-input\":{\"@type\":\"PropertyValueSpecification\",\"valueRequired\":true,\"valueName\":\"search_term_string\"}}],\"inLanguage\":\"en-GB\"},{\"@type\":\"Organization\",\"@id\":\"https:\\\/\\\/fabianpanisello.com\\\/en\\\/#organization\",\"name\":\"Fabi\u00e1n Panisello\",\"url\":\"https:\\\/\\\/fabianpanisello.com\\\/en\\\/\",\"logo\":{\"@type\":\"ImageObject\",\"inLanguage\":\"en-GB\",\"@id\":\"https:\\\/\\\/fabianpanisello.com\\\/en\\\/#\\\/schema\\\/logo\\\/image\\\/\",\"url\":\"https:\\\/\\\/fabianpanisello.com\\\/en\\\/wp-content\\\/uploads\\\/2025\\\/03\\\/favicon.png\",\"contentUrl\":\"https:\\\/\\\/fabianpanisello.com\\\/en\\\/wp-content\\\/uploads\\\/2025\\\/03\\\/favicon.png\",\"width\":472,\"height\":472,\"caption\":\"Fabi\u00e1n Panisello\"},\"image\":{\"@id\":\"https:\\\/\\\/fabianpanisello.com\\\/en\\\/#\\\/schema\\\/logo\\\/image\\\/\"},\"sameAs\":[\"https:\\\/\\\/www.facebook.com\\\/fabianandres.panisello\",\"https:\\\/\\\/www.instagram.com\\\/fabianandrespanisello\\\/\"]}]}<\/script>\n<!-- \/ Yoast SEO plugin. -->","yoast_head_json":{"title":"FABI\u00c1N PANISELLO - Short Biography: Conductor","description":"Fabi\u00e1n Panisello es compositor, director y profesor conocido internacionalmente en la escena de la m\u00fasica contempor\u00e1nea por la alta calidad de su obra. Director y fundador de PluralEnsemble.","robots":{"index":"index","follow":"follow","max-snippet":"max-snippet:-1","max-image-preview":"max-image-preview:large","max-video-preview":"max-video-preview:-1"},"canonical":"https:\/\/fabianpanisello.com\/en\/short-biography-conductor\/","og_locale":"en_GB","og_type":"article","og_title":"FABI\u00c1N PANISELLO - Short Biography: Conductor","og_description":"Fabi\u00e1n Panisello es compositor, director y profesor conocido internacionalmente en la escena de la m\u00fasica contempor\u00e1nea por la alta calidad de su obra. Director y fundador de PluralEnsemble.","og_url":"https:\/\/fabianpanisello.com\/en\/short-biography-conductor\/","og_site_name":"FABI\u00c1N PANISELLO","article_publisher":"https:\/\/www.facebook.com\/fabianandres.panisello","article_modified_time":"2025-05-13T09:54:28+00:00","twitter_card":"summary_large_image","twitter_misc":{"Estimated reading time":"2 minutes"},"schema":{"@context":"https:\/\/schema.org","@graph":[{"@type":"WebPage","@id":"https:\/\/fabianpanisello.com\/en\/short-biography-conductor\/","url":"https:\/\/fabianpanisello.com\/en\/short-biography-conductor\/","name":"FABI\u00c1N PANISELLO - Short Biography: Conductor","isPartOf":{"@id":"https:\/\/fabianpanisello.com\/en\/#website"},"datePublished":"2025-04-19T19:31:06+00:00","dateModified":"2025-05-13T09:54:28+00:00","description":"Fabi\u00e1n Panisello es compositor, director y profesor conocido internacionalmente en la escena de la m\u00fasica contempor\u00e1nea por la alta calidad de su obra. Director y fundador de PluralEnsemble.","breadcrumb":{"@id":"https:\/\/fabianpanisello.com\/en\/short-biography-conductor\/#breadcrumb"},"inLanguage":"en-GB","potentialAction":[{"@type":"ReadAction","target":["https:\/\/fabianpanisello.com\/en\/short-biography-conductor\/"]}]},{"@type":"BreadcrumbList","@id":"https:\/\/fabianpanisello.com\/en\/short-biography-conductor\/#breadcrumb","itemListElement":[{"@type":"ListItem","position":1,"name":"Portada","item":"https:\/\/fabianpanisello.com\/en\/"},{"@type":"ListItem","position":2,"name":"Short Biography: Conductor"}]},{"@type":"WebSite","@id":"https:\/\/fabianpanisello.com\/en\/#website","url":"https:\/\/fabianpanisello.com\/en\/","name":"FABI\u00c1N PANISELLO","description":"Composer, conductor, and professor","publisher":{"@id":"https:\/\/fabianpanisello.com\/en\/#organization"},"potentialAction":[{"@type":"SearchAction","target":{"@type":"EntryPoint","urlTemplate":"https:\/\/fabianpanisello.com\/en\/?s={search_term_string}"},"query-input":{"@type":"PropertyValueSpecification","valueRequired":true,"valueName":"search_term_string"}}],"inLanguage":"en-GB"},{"@type":"Organization","@id":"https:\/\/fabianpanisello.com\/en\/#organization","name":"Fabi\u00e1n Panisello","url":"https:\/\/fabianpanisello.com\/en\/","logo":{"@type":"ImageObject","inLanguage":"en-GB","@id":"https:\/\/fabianpanisello.com\/en\/#\/schema\/logo\/image\/","url":"https:\/\/fabianpanisello.com\/en\/wp-content\/uploads\/2025\/03\/favicon.png","contentUrl":"https:\/\/fabianpanisello.com\/en\/wp-content\/uploads\/2025\/03\/favicon.png","width":472,"height":472,"caption":"Fabi\u00e1n Panisello"},"image":{"@id":"https:\/\/fabianpanisello.com\/en\/#\/schema\/logo\/image\/"},"sameAs":["https:\/\/www.facebook.com\/fabianandres.panisello","https:\/\/www.instagram.com\/fabianandrespanisello\/"]}]}},"_links":{"self":[{"href":"https:\/\/fabianpanisello.com\/en\/wp-json\/wp\/v2\/pages\/147431","targetHints":{"allow":["GET"]}}],"collection":[{"href":"https:\/\/fabianpanisello.com\/en\/wp-json\/wp\/v2\/pages"}],"about":[{"href":"https:\/\/fabianpanisello.com\/en\/wp-json\/wp\/v2\/types\/page"}],"author":[{"embeddable":true,"href":"https:\/\/fabianpanisello.com\/en\/wp-json\/wp\/v2\/users\/1"}],"replies":[{"embeddable":true,"href":"https:\/\/fabianpanisello.com\/en\/wp-json\/wp\/v2\/comments?post=147431"}],"version-history":[{"count":6,"href":"https:\/\/fabianpanisello.com\/en\/wp-json\/wp\/v2\/pages\/147431\/revisions"}],"predecessor-version":[{"id":147685,"href":"https:\/\/fabianpanisello.com\/en\/wp-json\/wp\/v2\/pages\/147431\/revisions\/147685"}],"wp:attachment":[{"href":"https:\/\/fabianpanisello.com\/en\/wp-json\/wp\/v2\/media?parent=147431"}],"curies":[{"name":"wp","href":"https:\/\/api.w.org\/{rel}","templated":true}]}}