{"id":148040,"date":"2025-10-20T15:56:04","date_gmt":"2025-10-20T13:56:04","guid":{"rendered":"https:\/\/fabianpanisello.com\/en\/?page_id=148040"},"modified":"2026-01-28T21:56:48","modified_gmt":"2026-01-28T20:56:48","slug":"calendar-25-26","status":"publish","type":"page","link":"https:\/\/fabianpanisello.com\/en\/calendar-25-26\/","title":{"rendered":"Calendar"},"content":{"rendered":"<div class=\"wpb-content-wrapper\"><p>[vc_row row_height_percent=&#8221;0&#8243; back_color=&#8221;color-lxmt&#8221; overlay_alpha=&#8221;50&#8243; gutter_size=&#8221;3&#8243; column_width_percent=&#8221;100&#8243; shift_y=&#8221;0&#8243; z_index=&#8221;0&#8243; content_parallax=&#8221;0&#8243; uncode_shortcode_id=&#8221;765112&#8243; back_color_type=&#8221;uncode-palette&#8221;][vc_column column_width_percent=&#8221;100&#8243; position_horizontal=&#8221;left&#8221; gutter_size=&#8221;3&#8243; overlay_alpha=&#8221;50&#8243; shift_x=&#8221;0&#8243; shift_y=&#8221;0&#8243; shift_y_down=&#8221;0&#8243; z_index=&#8221;0&#8243; medium_width=&#8221;0&#8243; mobile_width=&#8221;0&#8243; width=&#8221;1\/1&#8243; uncode_shortcode_id=&#8221;187520&#8243;][vc_custom_heading text_color=&#8221;color-197533&#8243; text_font=&#8221;font-667281&#8243; text_weight=&#8221;300&#8243; css_animation=&#8221;alpha-anim&#8221; animation_speed=&#8221;700&#8243; animation_delay=&#8221;400&#8243; uncode_shortcode_id=&#8221;117816&#8243; text_color_type=&#8221;uncode-palette&#8221;]2025-2026 Season[\/vc_custom_heading][\/vc_column][\/vc_row][vc_row row_height_percent=&#8221;0&#8243; override_padding=&#8221;yes&#8221; h_padding=&#8221;2&#8243; top_padding=&#8221;2&#8243; bottom_padding=&#8221;2&#8243; overlay_alpha=&#8221;50&#8243; gutter_size=&#8221;3&#8243; column_width_percent=&#8221;100&#8243; shift_y=&#8221;0&#8243; z_index=&#8221;0&#8243; content_parallax=&#8221;0&#8243; uncode_shortcode_id=&#8221;209034&#8243;][vc_column column_width_percent=&#8221;100&#8243; position_horizontal=&#8221;left&#8221; gutter_size=&#8221;3&#8243; override_padding=&#8221;yes&#8221; column_padding=&#8221;0&#8243; style=&#8221;dark&#8221; overlay_alpha=&#8221;50&#8243; shift_x=&#8221;0&#8243; shift_y=&#8221;0&#8243; shift_y_down=&#8221;0&#8243; z_index=&#8221;0&#8243; medium_width=&#8221;0&#8243; mobile_width=&#8221;0&#8243; width=&#8221;1\/1&#8243; uncode_shortcode_id=&#8221;159546&#8243;][uncode_index el_id=&#8221;index-369654&#8243; isotope_mode=&#8221;fitRows&#8221; loop=&#8221;size:60|order_by:date|order:ASC|post_type:post|categories:82,83,81|tags:178,174,176,181,180,177,173,171|taxonomy_count:10&#8243; screen_lg=&#8221;1000&#8243; screen_md=&#8221;600&#8243; screen_sm=&#8221;480&#8243; filtering=&#8221;yes&#8221; filtering_full_width=&#8221;yes&#8221; filter_mobile_align=&#8221;left&#8221; gutter_size=&#8221;3&#8243; post_items=&#8221;media|featured|onpost|original,title,link|link|default_size|scale_mobile|default_width|default_outline|+ info&#8221; single_width=&#8221;2&#8243; images_size=&#8221;four-three&#8221; single_overlay_color=&#8221;color-197533&#8243; single_overlay_opacity=&#8221;50&#8243; single_padding=&#8221;0&#8243; single_title_semantic=&#8221;h6&#8243; single_title_family=&#8221;font-667281&#8243; single_title_dimension=&#8221;custom&#8221; single_title_weight=&#8221;400&#8243; uncode_shortcode_id=&#8221;313829&#8243; filter_all_text=&#8221;All&#8221; button_class=&#8221;btn-fp&#8221; el_class=&#8221;eventsgrid&#8221; heading_custom_size=&#8221;16px&#8221;][vc_button button_color=&#8221;color-197533&#8243; custom_typo=&#8221;yes&#8221; font_family=&#8221;font-667281&#8243; font_weight=&#8221;500&#8243; border_width=&#8221;0&#8243; link=&#8221;url:https%3A%2F%2Ffabianpanisello.com%2Fen%2F2526_en.pdf|target:_blank&#8221; button_color_type=&#8221;uncode-palette&#8221; uncode_shortcode_id=&#8221;687247&#8243;]DOWNLOAD SEASON[\/vc_button][\/vc_column][\/vc_row][vc_row row_height_percent=&#8221;0&#8243; override_padding=&#8221;yes&#8221; h_padding=&#8221;2&#8243; top_padding=&#8221;2&#8243; bottom_padding=&#8221;2&#8243; back_color=&#8221;color-lxmt&#8221; overlay_alpha=&#8221;50&#8243; gutter_size=&#8221;3&#8243; column_width_percent=&#8221;100&#8243; shift_y=&#8221;0&#8243; z_index=&#8221;0&#8243; content_parallax=&#8221;0&#8243; uncode_shortcode_id=&#8221;763818&#8243; back_color_type=&#8221;uncode-palette&#8221;][vc_column column_width_percent=&#8221;100&#8243; position_horizontal=&#8221;left&#8221; gutter_size=&#8221;3&#8243; overlay_alpha=&#8221;50&#8243; shift_x=&#8221;0&#8243; shift_y=&#8221;0&#8243; shift_y_down=&#8221;0&#8243; z_index=&#8221;0&#8243; medium_width=&#8221;0&#8243; mobile_width=&#8221;0&#8243; width=&#8221;1\/1&#8243; uncode_shortcode_id=&#8221;110297&#8243;][vc_custom_heading text_color=&#8221;color-197533&#8243; heading_semantic=&#8221;h3&#8243; text_font=&#8221;font-667281&#8243; text_size=&#8221;h3&#8243; text_weight=&#8221;300&#8243; css_animation=&#8221;alpha-anim&#8221; animation_speed=&#8221;700&#8243; animation_delay=&#8221;400&#8243; uncode_shortcode_id=&#8221;138708&#8243; text_color_type=&#8221;uncode-palette&#8221;]Another Seasons[\/vc_custom_heading][vc_row_inner limit_content=&#8221;&#8221;][vc_column_inner width=&#8221;1\/4&#8243;][vc_button button_color=&#8221;color-197533&#8243; radius=&#8221;btn-square&#8221; border_width=&#8221;0&#8243; link=&#8221;url:https%3A%2F%2Ffabianpanisello.com%2Fen%2Fcalendar%2F&#8221; button_color_type=&#8221;uncode-palette&#8221; uncode_shortcode_id=&#8221;119067&#8243;]2024-2025[\/vc_button][\/vc_column_inner][vc_column_inner width=&#8221;1\/4&#8243;][vc_button button_color=&#8221;color-197533&#8243; radius=&#8221;btn-square&#8221; border_width=&#8221;0&#8243; link=&#8221;url:https%3A%2F%2Ffabianpanisello.com%2Fen%2F2324_en.pdf|target:_blank&#8221; button_color_type=&#8221;uncode-palette&#8221; uncode_shortcode_id=&#8221;278917&#8243;]2023-2024[\/vc_button][\/vc_column_inner][vc_column_inner width=&#8221;1\/4&#8243;][vc_button button_color=&#8221;color-197533&#8243; radius=&#8221;btn-square&#8221; border_width=&#8221;0&#8243; link=&#8221;url:https%3A%2F%2Ffabianpanisello.com%2Fen%2F2223_en.pdf|target:_blank&#8221; button_color_type=&#8221;uncode-palette&#8221; uncode_shortcode_id=&#8221;147432&#8243;]2022-2023[\/vc_button][\/vc_column_inner][vc_column_inner width=&#8221;1\/4&#8243;][vc_button button_color=&#8221;color-197533&#8243; radius=&#8221;btn-square&#8221; border_width=&#8221;0&#8243; link=&#8221;url:https%3A%2F%2Ffabianpanisello.com%2Fen%2F2122_en.pdf|target:_blank&#8221; button_color_type=&#8221;uncode-palette&#8221; uncode_shortcode_id=&#8221;185773&#8243;]2021-2022[\/vc_button][\/vc_column_inner][\/vc_row_inner][vc_row_inner limit_content=&#8221;&#8221;][vc_column_inner width=&#8221;1\/4&#8243;][vc_button button_color=&#8221;color-197533&#8243; radius=&#8221;btn-square&#8221; border_width=&#8221;0&#8243; link=&#8221;url:https%3A%2F%2Ffabianpanisello.com%2Fen%2F2021_en.pdf|target:_blank&#8221; button_color_type=&#8221;uncode-palette&#8221; uncode_shortcode_id=&#8221;507742&#8243;]2020-2021[\/vc_button][\/vc_column_inner][vc_column_inner width=&#8221;1\/4&#8243;][vc_button button_color=&#8221;color-197533&#8243; radius=&#8221;btn-square&#8221; border_width=&#8221;0&#8243; link=&#8221;url:https%3A%2F%2Ffabianpanisello.com%2Fen%2F1920_en.pdf|target:_blank&#8221; button_color_type=&#8221;uncode-palette&#8221; uncode_shortcode_id=&#8221;207151&#8243;]2019-2020[\/vc_button][\/vc_column_inner][vc_column_inner width=&#8221;1\/4&#8243;][vc_button button_color=&#8221;color-197533&#8243; radius=&#8221;btn-square&#8221; border_width=&#8221;0&#8243; link=&#8221;url:https%3A%2F%2Ffabianpanisello.com%2Fen%2F1819_en.pdf|target:_blank&#8221; button_color_type=&#8221;uncode-palette&#8221; uncode_shortcode_id=&#8221;139670&#8243;]2018-2019[\/vc_button][\/vc_column_inner][vc_column_inner width=&#8221;1\/4&#8243;][vc_button button_color=&#8221;color-197533&#8243; radius=&#8221;btn-square&#8221; border_width=&#8221;0&#8243; link=&#8221;url:https%3A%2F%2Ffabianpanisello.com%2Fen%2F1718_en.pdf|target:_blank&#8221; button_color_type=&#8221;uncode-palette&#8221; uncode_shortcode_id=&#8221;514022&#8243;]2017-2018[\/vc_button][\/vc_column_inner][\/vc_row_inner][vc_row_inner limit_content=&#8221;&#8221;][vc_column_inner width=&#8221;1\/4&#8243;][vc_button button_color=&#8221;color-197533&#8243; radius=&#8221;btn-square&#8221; border_width=&#8221;0&#8243; link=&#8221;url:https%3A%2F%2Ffabianpanisello.com%2Fen%2F1617_en.pdf|target:_blank&#8221; button_color_type=&#8221;uncode-palette&#8221; uncode_shortcode_id=&#8221;697650&#8243;]2016-2017[\/vc_button][\/vc_column_inner][vc_column_inner width=&#8221;1\/4&#8243;][vc_button button_color=&#8221;color-197533&#8243; radius=&#8221;btn-square&#8221; border_width=&#8221;0&#8243; link=&#8221;url:https%3A%2F%2Ffabianpanisello.com%2Fen%2F1415_en.pdf|target:_blank&#8221; button_color_type=&#8221;uncode-palette&#8221; uncode_shortcode_id=&#8221;173700&#8243;]2014-2015[\/vc_button][\/vc_column_inner][vc_column_inner width=&#8221;1\/4&#8243;][vc_button button_color=&#8221;color-197533&#8243; radius=&#8221;btn-square&#8221; border_width=&#8221;0&#8243; link=&#8221;url:https%3A%2F%2Ffabianpanisello.com%2Fen%2F1314_en.pdf|target:_blank&#8221; button_color_type=&#8221;uncode-palette&#8221; uncode_shortcode_id=&#8221;201864&#8243;]2013-2014[\/vc_button][\/vc_column_inner][vc_column_inner width=&#8221;1\/4&#8243;][vc_button button_color=&#8221;color-197533&#8243; radius=&#8221;btn-square&#8221; border_width=&#8221;0&#8243; link=&#8221;url:https%3A%2F%2Ffabianpanisello.com%2Fen%2F1213_en.pdf|target:_blank&#8221; button_color_type=&#8221;uncode-palette&#8221; uncode_shortcode_id=&#8221;442024&#8243;]2012-2013[\/vc_button][\/vc_column_inner][\/vc_row_inner][vc_row_inner limit_content=&#8221;&#8221;][vc_column_inner width=&#8221;1\/4&#8243;][vc_button button_color=&#8221;color-197533&#8243; radius=&#8221;btn-square&#8221; border_width=&#8221;0&#8243; link=&#8221;url:https%3A%2F%2Ffabianpanisello.com%2Fen%2F1112_en.pdf|target:_blank&#8221; button_color_type=&#8221;uncode-palette&#8221; uncode_shortcode_id=&#8221;183334&#8243;]2011-2012[\/vc_button][\/vc_column_inner][vc_column_inner width=&#8221;1\/4&#8243;][vc_button button_color=&#8221;color-197533&#8243; radius=&#8221;btn-square&#8221; border_width=&#8221;0&#8243; link=&#8221;url:https%3A%2F%2Ffabianpanisello.com%2Fen%2F1011_en.pdf|target:_blank&#8221; button_color_type=&#8221;uncode-palette&#8221; uncode_shortcode_id=&#8221;555871&#8243;]2010-2011[\/vc_button][\/vc_column_inner][vc_column_inner width=&#8221;1\/4&#8243;][vc_button button_color=&#8221;color-197533&#8243; radius=&#8221;btn-square&#8221; border_width=&#8221;0&#8243; link=&#8221;url:https%3A%2F%2Ffabianpanisello.com%2Fen%2F0910_en.pdf|target:_blank&#8221; button_color_type=&#8221;uncode-palette&#8221; uncode_shortcode_id=&#8221;109427&#8243;]2009-2010[\/vc_button][\/vc_column_inner][vc_column_inner width=&#8221;1\/4&#8243;][vc_button button_color=&#8221;color-197533&#8243; radius=&#8221;btn-square&#8221; border_width=&#8221;0&#8243; link=&#8221;url:https%3A%2F%2Ffabianpanisello.com%2Fen%2F0809_en.pdf|target:_blank&#8221; button_color_type=&#8221;uncode-palette&#8221; uncode_shortcode_id=&#8221;929984&#8243;]2008-2009[\/vc_button][\/vc_column_inner][\/vc_row_inner][vc_row_inner limit_content=&#8221;&#8221;][vc_column_inner width=&#8221;1\/4&#8243;][vc_button button_color=&#8221;color-197533&#8243; radius=&#8221;btn-square&#8221; border_width=&#8221;0&#8243; link=&#8221;url:https%3A%2F%2Ffabianpanisello.com%2Fen%2F0708_en.pdf|target:_blank&#8221; button_color_type=&#8221;uncode-palette&#8221; uncode_shortcode_id=&#8221;168844&#8243;]2007-2008[\/vc_button][\/vc_column_inner][vc_column_inner width=&#8221;1\/4&#8243;][vc_button button_color=&#8221;color-197533&#8243; radius=&#8221;btn-square&#8221; border_width=&#8221;0&#8243; link=&#8221;url:https%3A%2F%2Ffabianpanisello.com%2Fen%2F0607_en.pdf|target:_blank&#8221; button_color_type=&#8221;uncode-palette&#8221; uncode_shortcode_id=&#8221;458942&#8243;]2006-2007[\/vc_button][\/vc_column_inner][vc_column_inner width=&#8221;1\/4&#8243;][vc_button button_color=&#8221;color-197533&#8243; radius=&#8221;btn-square&#8221; border_width=&#8221;0&#8243; link=&#8221;url:https%3A%2F%2Ffabianpanisello.com%2Fen%2F0506_en.pdf|target:_blank&#8221; button_color_type=&#8221;uncode-palette&#8221; uncode_shortcode_id=&#8221;818436&#8243;]2005-2006[\/vc_button][\/vc_column_inner][vc_column_inner width=&#8221;1\/4&#8243;][\/vc_column_inner][\/vc_row_inner][\/vc_column][\/vc_row]<\/p>\n<\/div>","protected":false},"excerpt":{"rendered":"<p>[vc_row row_height_percent=&#8221;0&#8243; back_color=&#8221;color-lxmt&#8221; overlay_alpha=&#8221;50&#8243; gutter_size=&#8221;3&#8243; column_width_percent=&#8221;100&#8243; shift_y=&#8221;0&#8243; z_index=&#8221;0&#8243; content_parallax=&#8221;0&#8243; uncode_shortcode_id=&#8221;765112&#8243; back_color_type=&#8221;uncode-palette&#8221;][vc_column column_width_percent=&#8221;100&#8243; position_horizontal=&#8221;left&#8221; gutter_size=&#8221;3&#8243; overlay_alpha=&#8221;50&#8243; shift_x=&#8221;0&#8243; shift_y=&#8221;0&#8243; shift_y_down=&#8221;0&#8243; z_index=&#8221;0&#8243; medium_width=&#8221;0&#8243; [&hellip;]<\/p>\n","protected":false},"author":1,"featured_media":145718,"parent":0,"menu_order":0,"comment_status":"closed","ping_status":"closed","template":"","meta":{"footnotes":""},"class_list":["post-148040","page","type-page","status-publish","has-post-thumbnail","hentry"],"yoast_head":"<!-- This site is optimized with the Yoast SEO plugin v27.2 - https:\/\/yoast.com\/product\/yoast-seo-wordpress\/ -->\n<title>FABI\u00c1N PANISELLO - Calendar<\/title>\n<meta name=\"description\" content=\"Fabi\u00e1n Panisello es compositor, director y profesor conocido internacionalmente en la escena de la m\u00fasica contempor\u00e1nea por la alta calidad de su obra. Director y fundador de PluralEnsemble.\" \/>\n<meta name=\"robots\" content=\"index, follow, max-snippet:-1, max-image-preview:large, max-video-preview:-1\" \/>\n<link rel=\"canonical\" href=\"https:\/\/fabianpanisello.com\/en\/calendar-25-26\/\" \/>\n<meta property=\"og:locale\" content=\"en_GB\" \/>\n<meta property=\"og:type\" content=\"article\" \/>\n<meta property=\"og:title\" content=\"FABI\u00c1N PANISELLO - Calendar\" \/>\n<meta property=\"og:description\" content=\"Fabi\u00e1n Panisello es compositor, director y profesor conocido internacionalmente en la escena de la m\u00fasica contempor\u00e1nea por la alta calidad de su obra. Director y fundador de PluralEnsemble.\" \/>\n<meta property=\"og:url\" content=\"https:\/\/fabianpanisello.com\/en\/calendar-25-26\/\" \/>\n<meta property=\"og:site_name\" content=\"FABI\u00c1N PANISELLO\" \/>\n<meta property=\"article:publisher\" content=\"https:\/\/www.facebook.com\/fabianandres.panisello\" \/>\n<meta property=\"article:modified_time\" content=\"2026-01-28T20:56:48+00:00\" \/>\n<meta property=\"og:image\" content=\"https:\/\/fabianpanisello.com\/en\/wp-content\/uploads\/2024\/11\/panisello_243.jpg\" \/>\n\t<meta property=\"og:image:width\" content=\"2000\" \/>\n\t<meta property=\"og:image:height\" content=\"1333\" \/>\n\t<meta property=\"og:image:type\" content=\"image\/jpeg\" \/>\n<meta name=\"twitter:card\" content=\"summary_large_image\" \/>\n<meta name=\"twitter:label1\" content=\"Estimated reading time\" \/>\n\t<meta name=\"twitter:data1\" content=\"2 minutes\" \/>\n<script type=\"application\/ld+json\" class=\"yoast-schema-graph\">{\"@context\":\"https:\/\/schema.org\",\"@graph\":[{\"@type\":\"WebPage\",\"@id\":\"https:\/\/fabianpanisello.com\/en\/calendar-25-26\/\",\"url\":\"https:\/\/fabianpanisello.com\/en\/calendar-25-26\/\",\"name\":\"FABI\u00c1N PANISELLO - Calendar\",\"isPartOf\":{\"@id\":\"https:\/\/fabianpanisello.com\/en\/#website\"},\"primaryImageOfPage\":{\"@id\":\"https:\/\/fabianpanisello.com\/en\/calendar-25-26\/#primaryimage\"},\"image\":{\"@id\":\"https:\/\/fabianpanisello.com\/en\/calendar-25-26\/#primaryimage\"},\"thumbnailUrl\":\"https:\/\/fabianpanisello.com\/en\/wp-content\/uploads\/2024\/11\/panisello_243.jpg\",\"datePublished\":\"2025-10-20T13:56:04+00:00\",\"dateModified\":\"2026-01-28T20:56:48+00:00\",\"description\":\"Fabi\u00e1n Panisello es compositor, director y profesor conocido internacionalmente en la escena de la m\u00fasica contempor\u00e1nea por la alta calidad de su obra. Director y fundador de PluralEnsemble.\",\"breadcrumb\":{\"@id\":\"https:\/\/fabianpanisello.com\/en\/calendar-25-26\/#breadcrumb\"},\"inLanguage\":\"en-GB\",\"potentialAction\":[{\"@type\":\"ReadAction\",\"target\":[\"https:\/\/fabianpanisello.com\/en\/calendar-25-26\/\"]}]},{\"@type\":\"ImageObject\",\"inLanguage\":\"en-GB\",\"@id\":\"https:\/\/fabianpanisello.com\/en\/calendar-25-26\/#primaryimage\",\"url\":\"https:\/\/fabianpanisello.com\/en\/wp-content\/uploads\/2024\/11\/panisello_243.jpg\",\"contentUrl\":\"https:\/\/fabianpanisello.com\/en\/wp-content\/uploads\/2024\/11\/panisello_243.jpg\",\"width\":2000,\"height\":1333,\"caption\":\"Fabi\u00e1n Panisello\"},{\"@type\":\"BreadcrumbList\",\"@id\":\"https:\/\/fabianpanisello.com\/en\/calendar-25-26\/#breadcrumb\",\"itemListElement\":[{\"@type\":\"ListItem\",\"position\":1,\"name\":\"Portada\",\"item\":\"https:\/\/fabianpanisello.com\/en\/\"},{\"@type\":\"ListItem\",\"position\":2,\"name\":\"Calendar\"}]},{\"@type\":\"WebSite\",\"@id\":\"https:\/\/fabianpanisello.com\/en\/#website\",\"url\":\"https:\/\/fabianpanisello.com\/en\/\",\"name\":\"FABI\u00c1N PANISELLO\",\"description\":\"Composer, conductor, and professor\",\"publisher\":{\"@id\":\"https:\/\/fabianpanisello.com\/en\/#organization\"},\"potentialAction\":[{\"@type\":\"SearchAction\",\"target\":{\"@type\":\"EntryPoint\",\"urlTemplate\":\"https:\/\/fabianpanisello.com\/en\/?s={search_term_string}\"},\"query-input\":{\"@type\":\"PropertyValueSpecification\",\"valueRequired\":true,\"valueName\":\"search_term_string\"}}],\"inLanguage\":\"en-GB\"},{\"@type\":\"Organization\",\"@id\":\"https:\/\/fabianpanisello.com\/en\/#organization\",\"name\":\"Fabi\u00e1n Panisello\",\"url\":\"https:\/\/fabianpanisello.com\/en\/\",\"logo\":{\"@type\":\"ImageObject\",\"inLanguage\":\"en-GB\",\"@id\":\"https:\/\/fabianpanisello.com\/en\/#\/schema\/logo\/image\/\",\"url\":\"https:\/\/fabianpanisello.com\/en\/wp-content\/uploads\/2025\/03\/favicon.png\",\"contentUrl\":\"https:\/\/fabianpanisello.com\/en\/wp-content\/uploads\/2025\/03\/favicon.png\",\"width\":472,\"height\":472,\"caption\":\"Fabi\u00e1n Panisello\"},\"image\":{\"@id\":\"https:\/\/fabianpanisello.com\/en\/#\/schema\/logo\/image\/\"},\"sameAs\":[\"https:\/\/www.facebook.com\/fabianandres.panisello\",\"https:\/\/www.instagram.com\/fabianandrespanisello\/\"]}]}<\/script>\n<!-- \/ Yoast SEO plugin. -->","yoast_head_json":{"title":"FABI\u00c1N PANISELLO - Calendar","description":"Fabi\u00e1n Panisello es compositor, director y profesor conocido internacionalmente en la escena de la m\u00fasica contempor\u00e1nea por la alta calidad de su obra. Director y fundador de PluralEnsemble.","robots":{"index":"index","follow":"follow","max-snippet":"max-snippet:-1","max-image-preview":"max-image-preview:large","max-video-preview":"max-video-preview:-1"},"canonical":"https:\/\/fabianpanisello.com\/en\/calendar-25-26\/","og_locale":"en_GB","og_type":"article","og_title":"FABI\u00c1N PANISELLO - Calendar","og_description":"Fabi\u00e1n Panisello es compositor, director y profesor conocido internacionalmente en la escena de la m\u00fasica contempor\u00e1nea por la alta calidad de su obra. Director y fundador de PluralEnsemble.","og_url":"https:\/\/fabianpanisello.com\/en\/calendar-25-26\/","og_site_name":"FABI\u00c1N PANISELLO","article_publisher":"https:\/\/www.facebook.com\/fabianandres.panisello","article_modified_time":"2026-01-28T20:56:48+00:00","og_image":[{"width":2000,"height":1333,"url":"https:\/\/fabianpanisello.com\/en\/wp-content\/uploads\/2024\/11\/panisello_243.jpg","type":"image\/jpeg"}],"twitter_card":"summary_large_image","twitter_misc":{"Estimated reading time":"2 minutes"},"schema":{"@context":"https:\/\/schema.org","@graph":[{"@type":"WebPage","@id":"https:\/\/fabianpanisello.com\/en\/calendar-25-26\/","url":"https:\/\/fabianpanisello.com\/en\/calendar-25-26\/","name":"FABI\u00c1N PANISELLO - Calendar","isPartOf":{"@id":"https:\/\/fabianpanisello.com\/en\/#website"},"primaryImageOfPage":{"@id":"https:\/\/fabianpanisello.com\/en\/calendar-25-26\/#primaryimage"},"image":{"@id":"https:\/\/fabianpanisello.com\/en\/calendar-25-26\/#primaryimage"},"thumbnailUrl":"https:\/\/fabianpanisello.com\/en\/wp-content\/uploads\/2024\/11\/panisello_243.jpg","datePublished":"2025-10-20T13:56:04+00:00","dateModified":"2026-01-28T20:56:48+00:00","description":"Fabi\u00e1n Panisello es compositor, director y profesor conocido internacionalmente en la escena de la m\u00fasica contempor\u00e1nea por la alta calidad de su obra. Director y fundador de PluralEnsemble.","breadcrumb":{"@id":"https:\/\/fabianpanisello.com\/en\/calendar-25-26\/#breadcrumb"},"inLanguage":"en-GB","potentialAction":[{"@type":"ReadAction","target":["https:\/\/fabianpanisello.com\/en\/calendar-25-26\/"]}]},{"@type":"ImageObject","inLanguage":"en-GB","@id":"https:\/\/fabianpanisello.com\/en\/calendar-25-26\/#primaryimage","url":"https:\/\/fabianpanisello.com\/en\/wp-content\/uploads\/2024\/11\/panisello_243.jpg","contentUrl":"https:\/\/fabianpanisello.com\/en\/wp-content\/uploads\/2024\/11\/panisello_243.jpg","width":2000,"height":1333,"caption":"Fabi\u00e1n Panisello"},{"@type":"BreadcrumbList","@id":"https:\/\/fabianpanisello.com\/en\/calendar-25-26\/#breadcrumb","itemListElement":[{"@type":"ListItem","position":1,"name":"Portada","item":"https:\/\/fabianpanisello.com\/en\/"},{"@type":"ListItem","position":2,"name":"Calendar"}]},{"@type":"WebSite","@id":"https:\/\/fabianpanisello.com\/en\/#website","url":"https:\/\/fabianpanisello.com\/en\/","name":"FABI\u00c1N PANISELLO","description":"Composer, conductor, and professor","publisher":{"@id":"https:\/\/fabianpanisello.com\/en\/#organization"},"potentialAction":[{"@type":"SearchAction","target":{"@type":"EntryPoint","urlTemplate":"https:\/\/fabianpanisello.com\/en\/?s={search_term_string}"},"query-input":{"@type":"PropertyValueSpecification","valueRequired":true,"valueName":"search_term_string"}}],"inLanguage":"en-GB"},{"@type":"Organization","@id":"https:\/\/fabianpanisello.com\/en\/#organization","name":"Fabi\u00e1n Panisello","url":"https:\/\/fabianpanisello.com\/en\/","logo":{"@type":"ImageObject","inLanguage":"en-GB","@id":"https:\/\/fabianpanisello.com\/en\/#\/schema\/logo\/image\/","url":"https:\/\/fabianpanisello.com\/en\/wp-content\/uploads\/2025\/03\/favicon.png","contentUrl":"https:\/\/fabianpanisello.com\/en\/wp-content\/uploads\/2025\/03\/favicon.png","width":472,"height":472,"caption":"Fabi\u00e1n Panisello"},"image":{"@id":"https:\/\/fabianpanisello.com\/en\/#\/schema\/logo\/image\/"},"sameAs":["https:\/\/www.facebook.com\/fabianandres.panisello","https:\/\/www.instagram.com\/fabianandrespanisello\/"]}]}},"_links":{"self":[{"href":"https:\/\/fabianpanisello.com\/en\/wp-json\/wp\/v2\/pages\/148040","targetHints":{"allow":["GET"]}}],"collection":[{"href":"https:\/\/fabianpanisello.com\/en\/wp-json\/wp\/v2\/pages"}],"about":[{"href":"https:\/\/fabianpanisello.com\/en\/wp-json\/wp\/v2\/types\/page"}],"author":[{"embeddable":true,"href":"https:\/\/fabianpanisello.com\/en\/wp-json\/wp\/v2\/users\/1"}],"replies":[{"embeddable":true,"href":"https:\/\/fabianpanisello.com\/en\/wp-json\/wp\/v2\/comments?post=148040"}],"version-history":[{"count":11,"href":"https:\/\/fabianpanisello.com\/en\/wp-json\/wp\/v2\/pages\/148040\/revisions"}],"predecessor-version":[{"id":148213,"href":"https:\/\/fabianpanisello.com\/en\/wp-json\/wp\/v2\/pages\/148040\/revisions\/148213"}],"wp:featuredmedia":[{"embeddable":true,"href":"https:\/\/fabianpanisello.com\/en\/wp-json\/wp\/v2\/media\/145718"}],"wp:attachment":[{"href":"https:\/\/fabianpanisello.com\/en\/wp-json\/wp\/v2\/media?parent=148040"}],"curies":[{"name":"wp","href":"https:\/\/api.w.org\/{rel}","templated":true}]}}