{"id":21524,"date":"2015-06-09T15:42:32","date_gmt":"2015-06-09T13:42:32","guid":{"rendered":"https:\/\/undsgn.com\/uncode\/?page_id=21524"},"modified":"2026-03-30T15:58:06","modified_gmt":"2026-03-30T13:58:06","slug":"creative-artist","status":"publish","type":"page","link":"https:\/\/fabianpanisello.com\/en\/","title":{"rendered":"Home"},"content":{"rendered":"<div class=\"wpb-content-wrapper\"><p>[vc_row row_height_percent=&#8221;75&#8243; back_color=&#8221;color-135842&#8243; back_image=&#8221;146163&#8243; back_position=&#8221;center center&#8221; overlay_color=&#8221;color-135842&#8243; overlay_alpha=&#8221;0&#8243; gutter_size=&#8221;2&#8243; column_width_percent=&#8221;100&#8243; shift_y=&#8221;0&#8243; z_index=&#8221;0&#8243; content_parallax=&#8221;0&#8243; row_name=&#8221;Album&#8221; uncode_shortcode_id=&#8221;946522&#8243; back_color_type=&#8221;uncode-palette&#8221; overlay_color_type=&#8221;uncode-palette&#8221;][vc_column column_width_percent=&#8221;100&#8243; position_horizontal=&#8221;left&#8221; position_vertical=&#8221;bottom&#8221; gutter_size=&#8221;0&#8243; style=&#8221;dark&#8221; overlay_alpha=&#8221;50&#8243; shift_x=&#8221;0&#8243; shift_y=&#8221;0&#8243; shift_y_down=&#8221;0&#8243; z_index=&#8221;0&#8243; medium_width=&#8221;0&#8243; mobile_width=&#8221;0&#8243; zoom_width=&#8221;0&#8243; zoom_height=&#8221;0&#8243; width=&#8221;1\/1&#8243; uncode_shortcode_id=&#8221;174541&#8243;][vc_row_inner row_inner_height_percent=&#8221;0&#8243; overlay_alpha=&#8221;50&#8243; gutter_size=&#8221;3&#8243; shift_y=&#8221;0&#8243; z_index=&#8221;0&#8243; uncode_shortcode_id=&#8221;121522&#8243;][vc_column_inner column_width_percent=&#8221;90&#8243; position_vertical=&#8221;bottom&#8221; gutter_size=&#8221;1&#8243; overlay_alpha=&#8221;50&#8243; shift_x=&#8221;0&#8243; shift_y=&#8221;0&#8243; shift_y_down=&#8221;0&#8243; z_index=&#8221;0&#8243; medium_width=&#8221;0&#8243; mobile_width=&#8221;0&#8243; width=&#8221;1\/1&#8243; uncode_shortcode_id=&#8221;175867&#8243;][vc_custom_heading text_color=&#8221;color-lxmt&#8221; heading_semantic=&#8221;h1&#8243; text_font=&#8221;font-667281&#8243; text_size=&#8221;fontsize-321224&#8243; text_weight=&#8221;400&#8243; css_animation=&#8221;bottom-t-top&#8221; animation_delay=&#8221;700&#8243; uncode_shortcode_id=&#8221;157626&#8243; text_color_type=&#8221;uncode-palette&#8221;]Fabi\u00e1n Panisello[\/vc_custom_heading][vc_custom_heading text_color=&#8221;color-lxmt&#8221; heading_semantic=&#8221;h3&#8243; text_font=&#8221;font-667281&#8243; text_size=&#8221;h3&#8243; text_weight=&#8221;300&#8243; css_animation=&#8221;alpha-anim&#8221; animation_delay=&#8221;700&#8243; uncode_shortcode_id=&#8221;456296&#8243; text_color_type=&#8221;uncode-palette&#8221;]Composer, conductor, and professor[\/vc_custom_heading][\/vc_column_inner][\/vc_row_inner][\/vc_column][\/vc_row][vc_row row_height_percent=&#8221;0&#8243; back_color=&#8221;color-lxmt&#8221; overlay_alpha=&#8221;0&#8243; gutter_size=&#8221;3&#8243; column_width_percent=&#8221;100&#8243; shift_y=&#8221;0&#8243; z_index=&#8221;0&#8243; content_parallax=&#8221;0&#8243; row_name=&#8221;Album&#8221; uncode_shortcode_id=&#8221;363990&#8243; back_color_type=&#8221;uncode-palette&#8221;][vc_column column_width_percent=&#8221;100&#8243; position_horizontal=&#8221;left&#8221; position_vertical=&#8221;middle&#8221; gutter_size=&#8221;4&#8243; style=&#8221;light&#8221; overlay_alpha=&#8221;50&#8243; shift_x=&#8221;0&#8243; shift_y=&#8221;0&#8243; shift_y_down=&#8221;0&#8243; z_index=&#8221;0&#8243; medium_width=&#8221;0&#8243; mobile_width=&#8221;0&#8243; zoom_width=&#8221;0&#8243; zoom_height=&#8221;0&#8243; width=&#8221;1\/1&#8243; uncode_shortcode_id=&#8221;197550&#8243;][vc_custom_heading text_color=&#8221;color-nhtu&#8221; heading_semantic=&#8221;h4&#8243; text_font=&#8221;font-667281&#8243; text_size=&#8221;h6&#8243; text_weight=&#8221;300&#8243; uncode_shortcode_id=&#8221;110431&#8243; text_color_type=&#8221;uncode-palette&#8221;]Fabi\u00e1n Panisello combines the three facets of his activity\u2014composition, conducting, and teaching\u2014at the highest level, renowned for championing 20th- and 21st-century music and supporting new generations. <a style=\"color: be003e; font-variant: small-caps;\" href=\"https:\/\/fabianpanisello.com\/en\/bio\/\">+ info<\/a>[\/vc_custom_heading][\/vc_column][\/vc_row][vc_row row_height_percent=&#8221;0&#8243; override_padding=&#8221;yes&#8221; h_padding=&#8221;2&#8243; top_padding=&#8221;2&#8243; bottom_padding=&#8221;2&#8243; back_color=&#8221;color-xsdn&#8221; overlay_alpha=&#8221;0&#8243; gutter_size=&#8221;3&#8243; column_width_percent=&#8221;100&#8243; shift_y=&#8221;0&#8243; z_index=&#8221;0&#8243; content_parallax=&#8221;0&#8243; row_name=&#8221;Album&#8221; uncode_shortcode_id=&#8221;396718&#8243; back_color_type=&#8221;uncode-palette&#8221;][vc_column column_width_percent=&#8221;100&#8243; position_horizontal=&#8221;left&#8221; position_vertical=&#8221;middle&#8221; gutter_size=&#8221;3&#8243; style=&#8221;light&#8221; overlay_alpha=&#8221;50&#8243; shift_x=&#8221;0&#8243; shift_y=&#8221;0&#8243; shift_y_down=&#8221;0&#8243; z_index=&#8221;0&#8243; medium_width=&#8221;0&#8243; mobile_width=&#8221;0&#8243; zoom_width=&#8221;0&#8243; zoom_height=&#8221;0&#8243; width=&#8221;1\/1&#8243; uncode_shortcode_id=&#8221;121524&#8243;][vc_custom_heading text_color=&#8221;color-197533&#8243; text_font=&#8221;font-667281&#8243; text_weight=&#8221;300&#8243; uncode_shortcode_id=&#8221;188242&#8243; text_color_type=&#8221;uncode-palette&#8221;]Calendar. Upcoming events[\/vc_custom_heading][uncode_index el_id=&#8221;index-5567898766&#8243; index_type=&#8221;table&#8221; loop=&#8221;size:5|order_by:date|order:ASC|post_type:post|tags:-172,178,180|taxonomy_count:10&#8243; gutter_size=&#8221;3&#8243; table_v_align=&#8221;middle&#8221; table_border=&#8221;above&#8221; post_table_items=&#8221;col-two|3,media|featured|onpost|original,col-three|5,title,col-one|2,link|default|default_size|scale_mobile|default_width|default_outline|+ info&#8221; table_images_size=&#8221;four-three&#8221; single_overlay_color=&#8221;color-197533&#8243; single_overlay_opacity=&#8221;70&#8243; single_table_last_align=&#8221;center&#8221; single_padding=&#8221;2&#8243; single_title_semantic=&#8221;h5&#8243; single_title_family=&#8221;font-667281&#8243; single_title_dimension=&#8221;h5&#8243; single_title_weight=&#8221;400&#8243; table_general_typo=&#8221;yes&#8221; single_css_animation=&#8221;bottom-t-top&#8221; single_animation_delay=&#8221;200&#8243; uncode_shortcode_id=&#8221;774171&#8243; button_class=&#8221;btn-fp&#8221;][\/vc_column][\/vc_row][vc_row row_height_percent=&#8221;0&#8243; override_padding=&#8221;yes&#8221; h_padding=&#8221;2&#8243; top_padding=&#8221;3&#8243; bottom_padding=&#8221;3&#8243; back_color=&#8221;color-lxmt&#8221; overlay_alpha=&#8221;50&#8243; gutter_size=&#8221;3&#8243; column_width_percent=&#8221;100&#8243; shift_y=&#8221;0&#8243; z_index=&#8221;0&#8243; content_parallax=&#8221;0&#8243; row_name=&#8221;Album&#8221; uncode_shortcode_id=&#8221;922580&#8243; back_color_type=&#8221;uncode-palette&#8221;][vc_column column_width_percent=&#8221;100&#8243; position_vertical=&#8221;middle&#8221; gutter_size=&#8221;4&#8243; style=&#8221;dark&#8221; overlay_alpha=&#8221;50&#8243; shift_x=&#8221;0&#8243; shift_y=&#8221;0&#8243; shift_y_down=&#8221;0&#8243; z_index=&#8221;0&#8243; medium_width=&#8221;0&#8243; mobile_width=&#8221;0&#8243; zoom_width=&#8221;0&#8243; zoom_height=&#8221;0&#8243; width=&#8221;1\/1&#8243; uncode_shortcode_id=&#8221;174667&#8243;][vc_custom_heading text_color=&#8221;color-197533&#8243; text_font=&#8221;font-667281&#8243; text_weight=&#8221;300&#8243; uncode_shortcode_id=&#8221;175264&#8243; text_color_type=&#8221;uncode-palette&#8221;]Featured videos[\/vc_custom_heading][vc_row_inner limit_content=&#8221;&#8221;][vc_column_inner width=&#8221;1\/3&#8243;][vc_single_image media=&#8221;146090&#8243; media_width_percent=&#8221;100&#8243; uncode_shortcode_id=&#8221;116348&#8243;][\/vc_column_inner][vc_column_inner width=&#8221;1\/3&#8243;][vc_single_image media=&#8221;146091&#8243; media_width_percent=&#8221;100&#8243; uncode_shortcode_id=&#8221;625382&#8243;][\/vc_column_inner][vc_column_inner width=&#8221;1\/3&#8243;][vc_single_image media=&#8221;146092&#8243; media_width_percent=&#8221;100&#8243; uncode_shortcode_id=&#8221;861537&#8243;][\/vc_column_inner][\/vc_row_inner][\/vc_column][\/vc_row]<\/p>\n<\/div>","protected":false},"excerpt":{"rendered":"<p>[vc_row row_height_percent=&#8221;75&#8243; back_color=&#8221;color-135842&#8243; back_image=&#8221;146163&#8243; back_position=&#8221;center center&#8221; overlay_color=&#8221;color-135842&#8243; overlay_alpha=&#8221;0&#8243; gutter_size=&#8221;2&#8243; column_width_percent=&#8221;100&#8243; shift_y=&#8221;0&#8243; z_index=&#8221;0&#8243; content_parallax=&#8221;0&#8243; row_name=&#8221;Album&#8221; uncode_shortcode_id=&#8221;946522&#8243; back_color_type=&#8221;uncode-palette&#8221; overlay_color_type=&#8221;uncode-palette&#8221;][vc_column column_width_percent=&#8221;100&#8243; position_horizontal=&#8221;left&#8221; position_vertical=&#8221;bottom&#8221; [&hellip;]<\/p>\n","protected":false},"author":1,"featured_media":147148,"parent":0,"menu_order":0,"comment_status":"closed","ping_status":"closed","template":"","meta":{"footnotes":""},"class_list":["post-21524","page","type-page","status-publish","has-post-thumbnail","hentry"],"yoast_head":"<!-- This site is optimized with the Yoast SEO plugin v27.2 - https:\/\/yoast.com\/product\/yoast-seo-wordpress\/ -->\n<title>FABI\u00c1N PANISELLO - Home<\/title>\n<meta name=\"description\" content=\"Fabi\u00e1n Panisello combines the three facets of his activity\u2014composition, conducting, and teaching\u2014at the highest level, renowned for championing 20th- and 21st-century music and supporting new generations.\" \/>\n<meta name=\"robots\" content=\"index, follow, max-snippet:-1, max-image-preview:large, max-video-preview:-1\" \/>\n<link rel=\"canonical\" href=\"https:\/\/fabianpanisello.com\/en\/\" \/>\n<meta property=\"og:locale\" content=\"en_GB\" \/>\n<meta property=\"og:type\" content=\"article\" \/>\n<meta property=\"og:title\" content=\"FABI\u00c1N PANISELLO - Home\" \/>\n<meta property=\"og:description\" content=\"Fabi\u00e1n Panisello combines the three facets of his activity\u2014composition, conducting, and teaching\u2014at the highest level, renowned for championing 20th- and 21st-century music and supporting new generations.\" \/>\n<meta property=\"og:url\" content=\"https:\/\/fabianpanisello.com\/en\/\" \/>\n<meta property=\"og:site_name\" content=\"FABI\u00c1N PANISELLO\" \/>\n<meta property=\"article:publisher\" content=\"https:\/\/www.facebook.com\/fabianandres.panisello\" \/>\n<meta property=\"article:modified_time\" content=\"2026-03-30T13:58:06+00:00\" \/>\n<meta property=\"og:image\" content=\"https:\/\/fabianpanisello.com\/en\/wp-content\/uploads\/2025\/04\/Captura-de-pantalla-2025-04-11-122540-1.png\" \/>\n\t<meta property=\"og:image:width\" content=\"473\" \/>\n\t<meta property=\"og:image:height\" content=\"462\" \/>\n\t<meta property=\"og:image:type\" content=\"image\/png\" \/>\n<meta name=\"twitter:card\" content=\"summary_large_image\" \/>\n<meta name=\"twitter:label1\" content=\"Estimated reading time\" \/>\n\t<meta name=\"twitter:data1\" content=\"2 minutes\" \/>\n<script type=\"application\/ld+json\" class=\"yoast-schema-graph\">{\"@context\":\"https:\/\/schema.org\",\"@graph\":[{\"@type\":\"WebPage\",\"@id\":\"https:\/\/fabianpanisello.com\/en\/\",\"url\":\"https:\/\/fabianpanisello.com\/en\/\",\"name\":\"FABI\u00c1N PANISELLO - Home\",\"isPartOf\":{\"@id\":\"https:\/\/fabianpanisello.com\/en\/#website\"},\"primaryImageOfPage\":{\"@id\":\"https:\/\/fabianpanisello.com\/en\/#primaryimage\"},\"image\":{\"@id\":\"https:\/\/fabianpanisello.com\/en\/#primaryimage\"},\"thumbnailUrl\":\"https:\/\/fabianpanisello.com\/en\/wp-content\/uploads\/2025\/04\/Captura-de-pantalla-2025-04-11-122540-1.png\",\"datePublished\":\"2015-06-09T13:42:32+00:00\",\"dateModified\":\"2026-03-30T13:58:06+00:00\",\"description\":\"Fabi\u00e1n Panisello combines the three facets of his activity\u2014composition, conducting, and teaching\u2014at the highest level, renowned for championing 20th- and 21st-century music and supporting new generations.\",\"breadcrumb\":{\"@id\":\"https:\/\/fabianpanisello.com\/en\/#breadcrumb\"},\"inLanguage\":\"en-GB\",\"potentialAction\":[{\"@type\":\"ReadAction\",\"target\":[\"https:\/\/fabianpanisello.com\/en\/\"]}]},{\"@type\":\"ImageObject\",\"inLanguage\":\"en-GB\",\"@id\":\"https:\/\/fabianpanisello.com\/en\/#primaryimage\",\"url\":\"https:\/\/fabianpanisello.com\/en\/wp-content\/uploads\/2025\/04\/Captura-de-pantalla-2025-04-11-122540-1.png\",\"contentUrl\":\"https:\/\/fabianpanisello.com\/en\/wp-content\/uploads\/2025\/04\/Captura-de-pantalla-2025-04-11-122540-1.png\",\"width\":473,\"height\":462,\"caption\":\"La Naci\u00f3n Un drama idiom\u00e1tico con acento Franc\u00e9s por Pablo Gianera\"},{\"@type\":\"BreadcrumbList\",\"@id\":\"https:\/\/fabianpanisello.com\/en\/#breadcrumb\",\"itemListElement\":[{\"@type\":\"ListItem\",\"position\":1,\"name\":\"Portada\",\"item\":\"https:\/\/fabianpanisello.com\/en\/\"},{\"@type\":\"ListItem\",\"position\":2,\"name\":\"Home\"}]},{\"@type\":\"WebSite\",\"@id\":\"https:\/\/fabianpanisello.com\/en\/#website\",\"url\":\"https:\/\/fabianpanisello.com\/en\/\",\"name\":\"FABI\u00c1N PANISELLO\",\"description\":\"Composer, conductor, and professor\",\"publisher\":{\"@id\":\"https:\/\/fabianpanisello.com\/en\/#organization\"},\"potentialAction\":[{\"@type\":\"SearchAction\",\"target\":{\"@type\":\"EntryPoint\",\"urlTemplate\":\"https:\/\/fabianpanisello.com\/en\/?s={search_term_string}\"},\"query-input\":{\"@type\":\"PropertyValueSpecification\",\"valueRequired\":true,\"valueName\":\"search_term_string\"}}],\"inLanguage\":\"en-GB\"},{\"@type\":\"Organization\",\"@id\":\"https:\/\/fabianpanisello.com\/en\/#organization\",\"name\":\"Fabi\u00e1n Panisello\",\"url\":\"https:\/\/fabianpanisello.com\/en\/\",\"logo\":{\"@type\":\"ImageObject\",\"inLanguage\":\"en-GB\",\"@id\":\"https:\/\/fabianpanisello.com\/en\/#\/schema\/logo\/image\/\",\"url\":\"https:\/\/fabianpanisello.com\/en\/wp-content\/uploads\/2025\/03\/favicon.png\",\"contentUrl\":\"https:\/\/fabianpanisello.com\/en\/wp-content\/uploads\/2025\/03\/favicon.png\",\"width\":472,\"height\":472,\"caption\":\"Fabi\u00e1n Panisello\"},\"image\":{\"@id\":\"https:\/\/fabianpanisello.com\/en\/#\/schema\/logo\/image\/\"},\"sameAs\":[\"https:\/\/www.facebook.com\/fabianandres.panisello\",\"https:\/\/www.instagram.com\/fabianandrespanisello\/\"]}]}<\/script>\n<!-- \/ Yoast SEO plugin. -->","yoast_head_json":{"title":"FABI\u00c1N PANISELLO - Home","description":"Fabi\u00e1n Panisello combines the three facets of his activity\u2014composition, conducting, and teaching\u2014at the highest level, renowned for championing 20th- and 21st-century music and supporting new generations.","robots":{"index":"index","follow":"follow","max-snippet":"max-snippet:-1","max-image-preview":"max-image-preview:large","max-video-preview":"max-video-preview:-1"},"canonical":"https:\/\/fabianpanisello.com\/en\/","og_locale":"en_GB","og_type":"article","og_title":"FABI\u00c1N PANISELLO - Home","og_description":"Fabi\u00e1n Panisello combines the three facets of his activity\u2014composition, conducting, and teaching\u2014at the highest level, renowned for championing 20th- and 21st-century music and supporting new generations.","og_url":"https:\/\/fabianpanisello.com\/en\/","og_site_name":"FABI\u00c1N PANISELLO","article_publisher":"https:\/\/www.facebook.com\/fabianandres.panisello","article_modified_time":"2026-03-30T13:58:06+00:00","og_image":[{"width":473,"height":462,"url":"https:\/\/fabianpanisello.com\/en\/wp-content\/uploads\/2025\/04\/Captura-de-pantalla-2025-04-11-122540-1.png","type":"image\/png"}],"twitter_card":"summary_large_image","twitter_misc":{"Estimated reading time":"2 minutes"},"schema":{"@context":"https:\/\/schema.org","@graph":[{"@type":"WebPage","@id":"https:\/\/fabianpanisello.com\/en\/","url":"https:\/\/fabianpanisello.com\/en\/","name":"FABI\u00c1N PANISELLO - Home","isPartOf":{"@id":"https:\/\/fabianpanisello.com\/en\/#website"},"primaryImageOfPage":{"@id":"https:\/\/fabianpanisello.com\/en\/#primaryimage"},"image":{"@id":"https:\/\/fabianpanisello.com\/en\/#primaryimage"},"thumbnailUrl":"https:\/\/fabianpanisello.com\/en\/wp-content\/uploads\/2025\/04\/Captura-de-pantalla-2025-04-11-122540-1.png","datePublished":"2015-06-09T13:42:32+00:00","dateModified":"2026-03-30T13:58:06+00:00","description":"Fabi\u00e1n Panisello combines the three facets of his activity\u2014composition, conducting, and teaching\u2014at the highest level, renowned for championing 20th- and 21st-century music and supporting new generations.","breadcrumb":{"@id":"https:\/\/fabianpanisello.com\/en\/#breadcrumb"},"inLanguage":"en-GB","potentialAction":[{"@type":"ReadAction","target":["https:\/\/fabianpanisello.com\/en\/"]}]},{"@type":"ImageObject","inLanguage":"en-GB","@id":"https:\/\/fabianpanisello.com\/en\/#primaryimage","url":"https:\/\/fabianpanisello.com\/en\/wp-content\/uploads\/2025\/04\/Captura-de-pantalla-2025-04-11-122540-1.png","contentUrl":"https:\/\/fabianpanisello.com\/en\/wp-content\/uploads\/2025\/04\/Captura-de-pantalla-2025-04-11-122540-1.png","width":473,"height":462,"caption":"La Naci\u00f3n Un drama idiom\u00e1tico con acento Franc\u00e9s por Pablo Gianera"},{"@type":"BreadcrumbList","@id":"https:\/\/fabianpanisello.com\/en\/#breadcrumb","itemListElement":[{"@type":"ListItem","position":1,"name":"Portada","item":"https:\/\/fabianpanisello.com\/en\/"},{"@type":"ListItem","position":2,"name":"Home"}]},{"@type":"WebSite","@id":"https:\/\/fabianpanisello.com\/en\/#website","url":"https:\/\/fabianpanisello.com\/en\/","name":"FABI\u00c1N PANISELLO","description":"Composer, conductor, and professor","publisher":{"@id":"https:\/\/fabianpanisello.com\/en\/#organization"},"potentialAction":[{"@type":"SearchAction","target":{"@type":"EntryPoint","urlTemplate":"https:\/\/fabianpanisello.com\/en\/?s={search_term_string}"},"query-input":{"@type":"PropertyValueSpecification","valueRequired":true,"valueName":"search_term_string"}}],"inLanguage":"en-GB"},{"@type":"Organization","@id":"https:\/\/fabianpanisello.com\/en\/#organization","name":"Fabi\u00e1n Panisello","url":"https:\/\/fabianpanisello.com\/en\/","logo":{"@type":"ImageObject","inLanguage":"en-GB","@id":"https:\/\/fabianpanisello.com\/en\/#\/schema\/logo\/image\/","url":"https:\/\/fabianpanisello.com\/en\/wp-content\/uploads\/2025\/03\/favicon.png","contentUrl":"https:\/\/fabianpanisello.com\/en\/wp-content\/uploads\/2025\/03\/favicon.png","width":472,"height":472,"caption":"Fabi\u00e1n Panisello"},"image":{"@id":"https:\/\/fabianpanisello.com\/en\/#\/schema\/logo\/image\/"},"sameAs":["https:\/\/www.facebook.com\/fabianandres.panisello","https:\/\/www.instagram.com\/fabianandrespanisello\/"]}]}},"_links":{"self":[{"href":"https:\/\/fabianpanisello.com\/en\/wp-json\/wp\/v2\/pages\/21524","targetHints":{"allow":["GET"]}}],"collection":[{"href":"https:\/\/fabianpanisello.com\/en\/wp-json\/wp\/v2\/pages"}],"about":[{"href":"https:\/\/fabianpanisello.com\/en\/wp-json\/wp\/v2\/types\/page"}],"author":[{"embeddable":true,"href":"https:\/\/fabianpanisello.com\/en\/wp-json\/wp\/v2\/users\/1"}],"replies":[{"embeddable":true,"href":"https:\/\/fabianpanisello.com\/en\/wp-json\/wp\/v2\/comments?post=21524"}],"version-history":[{"count":561,"href":"https:\/\/fabianpanisello.com\/en\/wp-json\/wp\/v2\/pages\/21524\/revisions"}],"predecessor-version":[{"id":148284,"href":"https:\/\/fabianpanisello.com\/en\/wp-json\/wp\/v2\/pages\/21524\/revisions\/148284"}],"wp:featuredmedia":[{"embeddable":true,"href":"https:\/\/fabianpanisello.com\/en\/wp-json\/wp\/v2\/media\/147148"}],"wp:attachment":[{"href":"https:\/\/fabianpanisello.com\/en\/wp-json\/wp\/v2\/media?parent=21524"}],"curies":[{"name":"wp","href":"https:\/\/api.w.org\/{rel}","templated":true}]}}