{"id":43,"date":"2017-11-22T10:50:15","date_gmt":"2017-11-22T10:50:15","guid":{"rendered":"http:\/\/www.fabianpanisello.com\/test\/?page_id=43"},"modified":"2025-05-22T01:59:40","modified_gmt":"2025-05-21T23:59:40","slug":"bio","status":"publish","type":"page","link":"https:\/\/fabianpanisello.com\/en\/bio\/","title":{"rendered":"Biography"},"content":{"rendered":"<div class=\"wpb-content-wrapper\"><p>[vc_row row_height_percent=&#8221;0&#8243; back_color=&#8221;color-lxmt&#8221; overlay_alpha=&#8221;50&#8243; gutter_size=&#8221;3&#8243; column_width_percent=&#8221;100&#8243; shift_y=&#8221;0&#8243; z_index=&#8221;0&#8243; content_parallax=&#8221;0&#8243; uncode_shortcode_id=&#8221;765112&#8243; back_color_type=&#8221;uncode-palette&#8221;][vc_column column_width_percent=&#8221;100&#8243; position_horizontal=&#8221;left&#8221; gutter_size=&#8221;3&#8243; overlay_alpha=&#8221;50&#8243; shift_x=&#8221;0&#8243; shift_y=&#8221;0&#8243; shift_y_down=&#8221;0&#8243; z_index=&#8221;0&#8243; medium_width=&#8221;0&#8243; mobile_width=&#8221;0&#8243; width=&#8221;1\/1&#8243; uncode_shortcode_id=&#8221;187520&#8243;][vc_custom_heading text_color=&#8221;color-197533&#8243; text_font=&#8221;font-667281&#8243; text_weight=&#8221;300&#8243; css_animation=&#8221;alpha-anim&#8221; animation_speed=&#8221;700&#8243; animation_delay=&#8221;400&#8243; uncode_shortcode_id=&#8221;112041&#8243; text_color_type=&#8221;uncode-palette&#8221;]Fabi\u00e1n Panisello[\/vc_custom_heading][\/vc_column][\/vc_row][vc_row row_height_percent=&#8221;0&#8243; override_padding=&#8221;yes&#8221; h_padding=&#8221;2&#8243; top_padding=&#8221;2&#8243; bottom_padding=&#8221;2&#8243; overlay_alpha=&#8221;50&#8243; gutter_size=&#8221;3&#8243; column_width_percent=&#8221;100&#8243; shift_y=&#8221;0&#8243; z_index=&#8221;0&#8243; content_parallax=&#8221;0&#8243; uncode_shortcode_id=&#8221;114502&#8243;][vc_column column_width_percent=&#8221;100&#8243; gutter_size=&#8221;2&#8243; override_padding=&#8221;yes&#8221; column_padding=&#8221;0&#8243; overlay_alpha=&#8221;50&#8243; shift_x=&#8221;0&#8243; shift_y=&#8221;0&#8243; shift_y_down=&#8221;0&#8243; z_index=&#8221;0&#8243; medium_width=&#8221;0&#8243; mobile_width=&#8221;0&#8243; width=&#8221;1\/1&#8243; uncode_shortcode_id=&#8221;931379&#8243;][vc_row_inner][vc_column_inner column_width_percent=&#8221;100&#8243; gutter_size=&#8221;3&#8243; override_padding=&#8221;yes&#8221; column_padding=&#8221;0&#8243; overlay_alpha=&#8221;50&#8243; shift_x=&#8221;0&#8243; shift_y=&#8221;0&#8243; shift_y_down=&#8221;0&#8243; z_index=&#8221;0&#8243; medium_width=&#8221;0&#8243; mobile_width=&#8221;0&#8243; width=&#8221;2\/3&#8243; uncode_shortcode_id=&#8221;187506&#8243;][vc_column_text uncode_shortcode_id=&#8221;140447&#8243;]<\/p>\n<p dir=\"ltr\" data-pm-slice=\"1 1 []\">Fabi\u00e1n Panisello (Argentina\/Spain) is internationally recognised for his work as a composer, conductor, and educator, maintaining the highest standards across all three fields. A leading figure in 20th- and 21st-century music, he is also a passionate advocate for emerging composers. In the words of Karlheinz Stockhausen: \u2018full of ideas, intense and bursting with energy (\u2026) I am very happy to see that the spirit of Webern continues to live in a changed world.\u2019<\/p>\n<p dir=\"ltr\">From 1996 to 2019, he served as Academic Director and Dean of the Escuela Superior de M\u00fasica Reina Sof\u00eda, where he continues to teach Composition.<\/p>\n<p class=\"\" data-start=\"707\" data-end=\"1350\">He is also a guest professor at leading institutions worldwide, including the Royal Academy of Music (London), China Conservatory, University of Shanghai, Jerusalem Academy, E\u00f6tv\u00f6s Foundation, University of Bogot\u00e1, Centro Nacional de las Artes\/Facultad Superior de M\u00fasica (Mexico), UC Davis (California, USA), University of Zagreb Academy of Music, Yerevan Komitas State Conservatory, Hochschule f\u00fcr Musik und Theater M\u00fcnchen, Kunstuniversit\u00e4t Graz, and the C\u00e1tedra Manuel de Falla, among others.<\/p>\n<p dir=\"ltr\">Panisello studied composition with Francisco Kr\u00f6pfl in Buenos Aires and Bogus\u0142aw Schaeffer at the Mozarteum in Salzburg (Diploma of Excellence, 1993). He later trained in conducting with Peter E\u00f6tv\u00f6s and enriched his education through collaborations with notable 20th-century composers including Elliott Carter, Franco Donatoni, Brian Ferneyhough, and Luis de Pablo. His music\u2014praised by Stockhausen as \u2018full of ideas, intense and bursting with energy\u2019\u2014is characterised by its dynamism, lyricism, dramatic power, harmonic finesse, and emotional depth. These qualities have earned him numerous accolades, including the Premio del Fondo Nacional de las Artes (Buenos Aires), the W\u00fcrdigungspreis from the Austrian Ministry of Education, Science and Culture, Mozarts Erben (Salzburg), and the Premio Iberoamericano de Composici\u00f3n Rodolfo Halffter (Mexico). He has also received grants from the BBVA Foundation (Leonardo Grant), Fundaci\u00f3n Antorchas in Buenos Aires, the Spanish Ministry of Foreign Affairs (General Directorate of Cultural and Scientific Relations Grant), and the Mozarteum Salzburg (Rector\u2019s Grant).\u00a0He is a member of the Academia Nacional de Bellas Artes of Argentina.<\/p>\n<p dir=\"ltr\">Recognized and supported internationally by Pierre Boulez, Luciano Berio, and Peter E\u00f6tv\u00f6s, he has collaborated with ensembles and orchestras such as the SWR Baden-Baden Freiburg Symphony Orchestra, BBC Symphony Orchestra, Deutsches Symphonie-Orchester Berlin, Spanish National Orchestra (OCNE), RTVE Symphony Orchestra, Ensemble Modern, Arditti Quartet, and EXAUDI.<\/p>\n<p class=\"\" data-start=\"2401\" data-end=\"3229\">He has worked with distinguished soloists including Marco Blaauw, Allison Bell, Francesco D\u2019Orazio, Hilary Summers, and Dimitri Vassilakis, and with conductors such as Susanna M\u00e4lkki, Pierre Boulez, Erik Nielsen, and Zsolt Nagy. He also contributed to the world premieres of two works by Stockhausen with the WDR Symphony Orchestra Cologne and Deutsches Symphonie-Orchester Berlin.<\/p>\n<p dir=\"ltr\">In recent years, Panisello has focused extensively on opera, drawing praise for what Peter E\u00f6tv\u00f6s has described as \u2018a very special talent for the stage that creates exciting theater with magnificent music.\u2019 His vocal writing, marked by a keen sensitivity to the melodic qualities of language and the dramatic role of harmony, creates a unique synthesis of tradition and contemporary theatrical expression.<\/p>\n<p dir=\"ltr\" data-pm-slice=\"1 1 []\">In 2016, he premiered <em>Le Malentendu<\/em>, based on the play by Albert Camus with a libretto by Juan Lucas. Funded by a 2015 BBVA Foundation Grant for Researchers and Cultural Creators, the opera was co-produced by Teatro Col\u00f3n (Buenos Aires), Warsaw Autumn Festival, Neue Oper Wien, Teatros del Canal, and Teatro Real (Madrid), and received critical acclaim: \u2018we are surely in the presence of the best premiere of new opera in the Teatro Real in a long time\u2019 (Tom\u00e1s Marco, Scherzo).<\/p>\n<p dir=\"ltr\" data-pm-slice=\"1 1 []\">His 2018 work <em>Les Rois Mages<\/em>, a multimedia musical theatre piece with a libretto by Gilles Rico based on Michel Tournier\u2019s novel, combines intimacy and dramatic intensity. Commissioned by the Ernst von Siemens Foundation through the Centro Superior de Investigaci\u00f3n y Promoci\u00f3n de la M\u00fasica and the Universidad Aut\u00f3noma de Madrid Foundation, it premiered in January 2019 to enthusiastic reception and has since been staged in Nice, Tel Aviv, Munich, Vienna, Berlin, and other cities.<\/p>\n<p dir=\"ltr\">His most recent dramatic work, <em>Die Judith von Shimoda<\/em>, is based on Brecht and Wuolijoki\u2019s adaptation of Yamamoto Y\u016bz\u014d\u2019s <em>Nyonin Aishi. Akichi Monogatari<\/em>, with a libretto by Juan Lucas. Commissioned by the Bregenz Festival 2023 in co-production with Vienna, it was highly anticipated and received critical acclaim: \u2018the piece itself, that is, the original Japanese one, is transformed into a masterpiece of conversation with high emotional content\u2019 (S\u00fcddeutsche Zeitung). The work was nominated for Best World Premiere of 2024 by the \u00d6sterreichischer Musiktheaterpreis.<\/p>\n<p class=\"\" data-start=\"5185\" data-end=\"5628\">As a conductor, Panisello is deeply committed to the performance of 20th- and 21st-century music, especially through PluralEnsemble, which he founded and continues to direct. With them, he has premiered and championed works by many leading international composers and supported emerging artists through commissions and international tours. The ensemble has recorded for labels including Neos, col legno, Cypres, Verso, IBS Classical, and Columna M\u00fasica.<\/p>\n<p class=\"\" data-start=\"5630\" data-end=\"6023\">He has appeared as both composer and conductor at major contemporary music festivals such as Wien Modern, Munich Biennale, Pr\u00e9sences, Ars Musica, Ultraschall, Aspekte, Manca, Klangspuren Schwaz, and more recently at the Sound Ways Festival (Saint Petersburg), New Music Week Festival (Shanghai), Festival Manca (Nice), Bridges Festival (Vienna Konzerthaus), and the China-ASEAN Music Festival.<\/p>\n<p class=\"\" data-start=\"6025\" data-end=\"6509\">In the 2023\u20132024 season, he conducted tributes to Peter E\u00f6tv\u00f6s on the occasion of his 80th birthday (Concerto Budapest Orchestra, Neue Vokalsolisten), and led ensembles including Riot (London), United Berlin, and Turning Point (Vancouver). In 2024\u20132025, he conducts the Israel Contemporary Players, Cantus Ensemble (Croatia), and makes his debut with the Tonk\u00fcnstler Orchestra, Orquesta Sinf\u00f3nica de Galicia, Basque National Orchestra, and the Savaria Symphony Orchestra (Hungary).<\/p>\n<p data-pm-slice=\"0 0 []\">Recent premieres include Horn Concerto (Vlatkovi\u0107, Nielsen, ORTVE), <em>Seven Japanese Sketches<\/em> (Ortega, Amaryllis Quartett), <em>L\u2019\u00e2ge de la raison<\/em> (Corrado, Syntax Ensemble, Milan), and <em>Written in Blue<\/em> (Blanco, Nagy, Sinfonietta ESMRS). He is composer-in-residence at the Grafenegg Festival 2025.<\/p>\n<p dir=\"ltr\">His works are published by Edition Peters.<\/p>\n<p><em>May 2025 \/ 965 words. Not to be altered without permission. Please destroy all previous biographical material.<\/em><\/p>\n<p>Fabian Panisello is represented by Karsten Witt Management\u00a0<a href=\"mailto:em@karstenwitt.com\" target=\"_blank\" rel=\"noopener\">em@karstenwitt.com<\/a><\/p>\n<p><a class=\"cursor-init\" href=\"http:\/\/www.pluralensemble.com\/\" target=\"_blank\" rel=\"noopener noreferrer\">www.pluralensemble.com<\/a><br \/>\n<a class=\"cursor-init\" href=\"https:\/\/www.wisemusicclassical.com\/composer\/6136\/Fabi%C3%A1n-Panisello\/\">www.wisemusicclassical.com\/composer\/6136\/Fabi\u00e1n-Panisello\/<\/a>[\/vc_column_text][\/vc_column_inner][vc_column_inner column_width_percent=&#8221;100&#8243; gutter_size=&#8221;2&#8243; override_padding=&#8221;yes&#8221; column_padding=&#8221;0&#8243; overlay_alpha=&#8221;50&#8243; shift_x=&#8221;0&#8243; shift_y=&#8221;0&#8243; shift_y_down=&#8221;0&#8243; z_index=&#8221;0&#8243; medium_width=&#8221;0&#8243; mobile_width=&#8221;0&#8243; width=&#8221;1\/3&#8243; uncode_shortcode_id=&#8221;807778&#8243;][vc_button button_color=&#8221;color-197533&#8243; radius=&#8221;btn-square&#8221; wide=&#8221;yes&#8221; border_width=&#8221;0&#8243; link=&#8221;url:https%3A%2F%2Ffabianpanisello.com%2Fen%2Fshort-biography-composer%2F|target:_blank&#8221; button_color_type=&#8221;uncode-palette&#8221; uncode_shortcode_id=&#8221;197178&#8243;]Short biography[\/vc_button][vc_button button_color=&#8221;color-197533&#8243; radius=&#8221;btn-square&#8221; wide=&#8221;yes&#8221; border_width=&#8221;0&#8243; link=&#8221;url:https%3A%2F%2Ffabianpanisello.com%2Fen%2Fshort-biography-conductor%2F|target:_blank&#8221; button_color_type=&#8221;uncode-palette&#8221; uncode_shortcode_id=&#8221;206233&#8243;]Conductor biography[\/vc_button][vc_button button_color=&#8221;color-197533&#8243; radius=&#8221;btn-square&#8221; wide=&#8221;yes&#8221; border_width=&#8221;0&#8243; link=&#8221;url:https%3A%2F%2Ffabianpanisello.com%2Fen%2Frepertoire%2F|target:_blank&#8221; button_color_type=&#8221;uncode-palette&#8221; uncode_shortcode_id=&#8221;490284&#8243;]Conducting repertoire[\/vc_button][vc_button button_color=&#8221;color-197533&#8243; radius=&#8221;btn-square&#8221; wide=&#8221;yes&#8221; border_width=&#8221;0&#8243; link=&#8221;url:https%3A%2F%2Ffabianpanisello.com%2Fen%2Fbiografia-fabian-panisello%2F|target:_blank&#8221; button_color_type=&#8221;uncode-palette&#8221; uncode_shortcode_id=&#8221;837515&#8243;]Full biography in Spanish[\/vc_button][vc_button button_color=&#8221;color-197533&#8243; radius=&#8221;btn-square&#8221; wide=&#8221;yes&#8221; border_width=&#8221;0&#8243; link=&#8221;url:https%3A%2F%2Ffabianpanisello.com%2Fen%2Fbiografie%2F|target:_blank&#8221; button_color_type=&#8221;uncode-palette&#8221; uncode_shortcode_id=&#8221;168320&#8243;]Full biography in German[\/vc_button][vc_empty_space empty_h=&#8221;2&#8243;][vc_custom_heading text_color=&#8221;color-197533&#8243; heading_semantic=&#8221;h3&#8243; text_font=&#8221;font-667281&#8243; text_size=&#8221;h3&#8243; text_weight=&#8221;300&#8243; css_animation=&#8221;alpha-anim&#8221; animation_speed=&#8221;700&#8243; animation_delay=&#8221;400&#8243; uncode_shortcode_id=&#8221;351915&#8243; text_color_type=&#8221;uncode-palette&#8221;]Images for press use[\/vc_custom_heading][vc_single_image media=&#8221;456&#8243; media_width_percent=&#8221;100&#8243; media_link=&#8221;url:http%3A%2F%2Fwww.fabianpanisello.com%2Fimages%2Ffabian_panisello%C2%A9Alejandro_garcia_ortiz_2.pdf|title:Download%20image.jpg|target:%20_blank|&#8221;][vc_single_image media=&#8221;457&#8243; media_width_percent=&#8221;100&#8243; media_link=&#8221;url:http%3A%2F%2Fwww.fabianpanisello.com%2Fimages%2Ffabian_panisello%C2%A9Alejandro_Garcia_ortiz.pdf|title:Download%20image.jpg|target:%20_blank|&#8221;][vc_single_image media=&#8221;458&#8243; media_width_percent=&#8221;100&#8243; media_link=&#8221;url:http%3A%2F%2Fwww.fabianpanisello.com%2Fimages%2Ffabian_panisello%C2%A9ABC.pdf|title:Download%20image.jpg|target:%20_blank|&#8221;][vc_single_image media=&#8221;392&#8243; media_width_percent=&#8221;100&#8243; media_link=&#8221;url:http%3A%2F%2Fwww.fabianpanisello.com%2Fimages%2FFabian_%20Panisello%C2%A9Juan_Lucas.pdf|title:Download%20image.jpg|target:%20_blank|&#8221;][\/vc_column_inner][\/vc_row_inner][\/vc_column][\/vc_row]<\/p>\n<\/div>","protected":false},"excerpt":{"rendered":"<p>[vc_row row_height_percent=&#8221;0&#8243; back_color=&#8221;color-lxmt&#8221; overlay_alpha=&#8221;50&#8243; gutter_size=&#8221;3&#8243; column_width_percent=&#8221;100&#8243; shift_y=&#8221;0&#8243; z_index=&#8221;0&#8243; content_parallax=&#8221;0&#8243; uncode_shortcode_id=&#8221;765112&#8243; back_color_type=&#8221;uncode-palette&#8221;][vc_column column_width_percent=&#8221;100&#8243; position_horizontal=&#8221;left&#8221; gutter_size=&#8221;3&#8243; overlay_alpha=&#8221;50&#8243; shift_x=&#8221;0&#8243; shift_y=&#8221;0&#8243; shift_y_down=&#8221;0&#8243; z_index=&#8221;0&#8243; medium_width=&#8221;0&#8243; [&hellip;]<\/p>\n","protected":false},"author":1,"featured_media":146163,"parent":0,"menu_order":0,"comment_status":"closed","ping_status":"closed","template":"","meta":{"footnotes":""},"class_list":["post-43","page","type-page","status-publish","has-post-thumbnail","hentry"],"yoast_head":"<!-- This site is optimized with the Yoast SEO plugin v27.2 - https:\/\/yoast.com\/product\/yoast-seo-wordpress\/ -->\n<title>FABI\u00c1N PANISELLO - Biography<\/title>\n<meta name=\"description\" content=\"Fabi\u00e1n Panisello es compositor, director y profesor conocido internacionalmente en la escena de la m\u00fasica contempor\u00e1nea por la alta calidad de su obra. Director y fundador de PluralEnsemble.\" \/>\n<meta name=\"robots\" content=\"index, follow, max-snippet:-1, max-image-preview:large, max-video-preview:-1\" \/>\n<link rel=\"canonical\" href=\"https:\/\/fabianpanisello.com\/en\/bio\/\" \/>\n<meta property=\"og:locale\" content=\"en_GB\" \/>\n<meta property=\"og:type\" content=\"article\" \/>\n<meta property=\"og:title\" content=\"FABI\u00c1N PANISELLO - Biography\" \/>\n<meta property=\"og:description\" content=\"Fabi\u00e1n Panisello es compositor, director y profesor conocido internacionalmente en la escena de la m\u00fasica contempor\u00e1nea por la alta calidad de su obra. Director y fundador de PluralEnsemble.\" \/>\n<meta property=\"og:url\" content=\"https:\/\/fabianpanisello.com\/en\/bio\/\" \/>\n<meta property=\"og:site_name\" content=\"FABI\u00c1N PANISELLO\" \/>\n<meta property=\"article:publisher\" content=\"https:\/\/www.facebook.com\/fabianandres.panisello\" \/>\n<meta property=\"article:modified_time\" content=\"2025-05-21T23:59:40+00:00\" \/>\n<meta property=\"og:image\" content=\"https:\/\/fabianpanisello.com\/en\/wp-content\/uploads\/2024\/12\/PaniselloBW-1.png\" \/>\n\t<meta property=\"og:image:width\" content=\"2800\" \/>\n\t<meta property=\"og:image:height\" content=\"799\" \/>\n\t<meta property=\"og:image:type\" content=\"image\/png\" \/>\n<meta name=\"twitter:card\" content=\"summary_large_image\" \/>\n<meta name=\"twitter:label1\" content=\"Estimated reading time\" \/>\n\t<meta name=\"twitter:data1\" content=\"6 minutes\" \/>\n<script type=\"application\/ld+json\" class=\"yoast-schema-graph\">{\"@context\":\"https:\/\/schema.org\",\"@graph\":[{\"@type\":\"WebPage\",\"@id\":\"https:\/\/fabianpanisello.com\/en\/bio\/\",\"url\":\"https:\/\/fabianpanisello.com\/en\/bio\/\",\"name\":\"FABI\u00c1N PANISELLO - Biography\",\"isPartOf\":{\"@id\":\"https:\/\/fabianpanisello.com\/en\/#website\"},\"primaryImageOfPage\":{\"@id\":\"https:\/\/fabianpanisello.com\/en\/bio\/#primaryimage\"},\"image\":{\"@id\":\"https:\/\/fabianpanisello.com\/en\/bio\/#primaryimage\"},\"thumbnailUrl\":\"https:\/\/fabianpanisello.com\/en\/wp-content\/uploads\/2024\/12\/PaniselloBW-1.png\",\"datePublished\":\"2017-11-22T10:50:15+00:00\",\"dateModified\":\"2025-05-21T23:59:40+00:00\",\"description\":\"Fabi\u00e1n Panisello es compositor, director y profesor conocido internacionalmente en la escena de la m\u00fasica contempor\u00e1nea por la alta calidad de su obra. Director y fundador de PluralEnsemble.\",\"breadcrumb\":{\"@id\":\"https:\/\/fabianpanisello.com\/en\/bio\/#breadcrumb\"},\"inLanguage\":\"en-GB\",\"potentialAction\":[{\"@type\":\"ReadAction\",\"target\":[\"https:\/\/fabianpanisello.com\/en\/bio\/\"]}]},{\"@type\":\"ImageObject\",\"inLanguage\":\"en-GB\",\"@id\":\"https:\/\/fabianpanisello.com\/en\/bio\/#primaryimage\",\"url\":\"https:\/\/fabianpanisello.com\/en\/wp-content\/uploads\/2024\/12\/PaniselloBW-1.png\",\"contentUrl\":\"https:\/\/fabianpanisello.com\/en\/wp-content\/uploads\/2024\/12\/PaniselloBW-1.png\",\"width\":2800,\"height\":799},{\"@type\":\"BreadcrumbList\",\"@id\":\"https:\/\/fabianpanisello.com\/en\/bio\/#breadcrumb\",\"itemListElement\":[{\"@type\":\"ListItem\",\"position\":1,\"name\":\"Portada\",\"item\":\"https:\/\/fabianpanisello.com\/en\/\"},{\"@type\":\"ListItem\",\"position\":2,\"name\":\"Biography\"}]},{\"@type\":\"WebSite\",\"@id\":\"https:\/\/fabianpanisello.com\/en\/#website\",\"url\":\"https:\/\/fabianpanisello.com\/en\/\",\"name\":\"FABI\u00c1N PANISELLO\",\"description\":\"Composer, conductor, and professor\",\"publisher\":{\"@id\":\"https:\/\/fabianpanisello.com\/en\/#organization\"},\"potentialAction\":[{\"@type\":\"SearchAction\",\"target\":{\"@type\":\"EntryPoint\",\"urlTemplate\":\"https:\/\/fabianpanisello.com\/en\/?s={search_term_string}\"},\"query-input\":{\"@type\":\"PropertyValueSpecification\",\"valueRequired\":true,\"valueName\":\"search_term_string\"}}],\"inLanguage\":\"en-GB\"},{\"@type\":\"Organization\",\"@id\":\"https:\/\/fabianpanisello.com\/en\/#organization\",\"name\":\"Fabi\u00e1n Panisello\",\"url\":\"https:\/\/fabianpanisello.com\/en\/\",\"logo\":{\"@type\":\"ImageObject\",\"inLanguage\":\"en-GB\",\"@id\":\"https:\/\/fabianpanisello.com\/en\/#\/schema\/logo\/image\/\",\"url\":\"https:\/\/fabianpanisello.com\/en\/wp-content\/uploads\/2025\/03\/favicon.png\",\"contentUrl\":\"https:\/\/fabianpanisello.com\/en\/wp-content\/uploads\/2025\/03\/favicon.png\",\"width\":472,\"height\":472,\"caption\":\"Fabi\u00e1n Panisello\"},\"image\":{\"@id\":\"https:\/\/fabianpanisello.com\/en\/#\/schema\/logo\/image\/\"},\"sameAs\":[\"https:\/\/www.facebook.com\/fabianandres.panisello\",\"https:\/\/www.instagram.com\/fabianandrespanisello\/\"]}]}<\/script>\n<!-- \/ Yoast SEO plugin. -->","yoast_head_json":{"title":"FABI\u00c1N PANISELLO - Biography","description":"Fabi\u00e1n Panisello es compositor, director y profesor conocido internacionalmente en la escena de la m\u00fasica contempor\u00e1nea por la alta calidad de su obra. Director y fundador de PluralEnsemble.","robots":{"index":"index","follow":"follow","max-snippet":"max-snippet:-1","max-image-preview":"max-image-preview:large","max-video-preview":"max-video-preview:-1"},"canonical":"https:\/\/fabianpanisello.com\/en\/bio\/","og_locale":"en_GB","og_type":"article","og_title":"FABI\u00c1N PANISELLO - Biography","og_description":"Fabi\u00e1n Panisello es compositor, director y profesor conocido internacionalmente en la escena de la m\u00fasica contempor\u00e1nea por la alta calidad de su obra. Director y fundador de PluralEnsemble.","og_url":"https:\/\/fabianpanisello.com\/en\/bio\/","og_site_name":"FABI\u00c1N PANISELLO","article_publisher":"https:\/\/www.facebook.com\/fabianandres.panisello","article_modified_time":"2025-05-21T23:59:40+00:00","og_image":[{"width":2800,"height":799,"url":"https:\/\/fabianpanisello.com\/en\/wp-content\/uploads\/2024\/12\/PaniselloBW-1.png","type":"image\/png"}],"twitter_card":"summary_large_image","twitter_misc":{"Estimated reading time":"6 minutes"},"schema":{"@context":"https:\/\/schema.org","@graph":[{"@type":"WebPage","@id":"https:\/\/fabianpanisello.com\/en\/bio\/","url":"https:\/\/fabianpanisello.com\/en\/bio\/","name":"FABI\u00c1N PANISELLO - Biography","isPartOf":{"@id":"https:\/\/fabianpanisello.com\/en\/#website"},"primaryImageOfPage":{"@id":"https:\/\/fabianpanisello.com\/en\/bio\/#primaryimage"},"image":{"@id":"https:\/\/fabianpanisello.com\/en\/bio\/#primaryimage"},"thumbnailUrl":"https:\/\/fabianpanisello.com\/en\/wp-content\/uploads\/2024\/12\/PaniselloBW-1.png","datePublished":"2017-11-22T10:50:15+00:00","dateModified":"2025-05-21T23:59:40+00:00","description":"Fabi\u00e1n Panisello es compositor, director y profesor conocido internacionalmente en la escena de la m\u00fasica contempor\u00e1nea por la alta calidad de su obra. Director y fundador de PluralEnsemble.","breadcrumb":{"@id":"https:\/\/fabianpanisello.com\/en\/bio\/#breadcrumb"},"inLanguage":"en-GB","potentialAction":[{"@type":"ReadAction","target":["https:\/\/fabianpanisello.com\/en\/bio\/"]}]},{"@type":"ImageObject","inLanguage":"en-GB","@id":"https:\/\/fabianpanisello.com\/en\/bio\/#primaryimage","url":"https:\/\/fabianpanisello.com\/en\/wp-content\/uploads\/2024\/12\/PaniselloBW-1.png","contentUrl":"https:\/\/fabianpanisello.com\/en\/wp-content\/uploads\/2024\/12\/PaniselloBW-1.png","width":2800,"height":799},{"@type":"BreadcrumbList","@id":"https:\/\/fabianpanisello.com\/en\/bio\/#breadcrumb","itemListElement":[{"@type":"ListItem","position":1,"name":"Portada","item":"https:\/\/fabianpanisello.com\/en\/"},{"@type":"ListItem","position":2,"name":"Biography"}]},{"@type":"WebSite","@id":"https:\/\/fabianpanisello.com\/en\/#website","url":"https:\/\/fabianpanisello.com\/en\/","name":"FABI\u00c1N PANISELLO","description":"Composer, conductor, and professor","publisher":{"@id":"https:\/\/fabianpanisello.com\/en\/#organization"},"potentialAction":[{"@type":"SearchAction","target":{"@type":"EntryPoint","urlTemplate":"https:\/\/fabianpanisello.com\/en\/?s={search_term_string}"},"query-input":{"@type":"PropertyValueSpecification","valueRequired":true,"valueName":"search_term_string"}}],"inLanguage":"en-GB"},{"@type":"Organization","@id":"https:\/\/fabianpanisello.com\/en\/#organization","name":"Fabi\u00e1n Panisello","url":"https:\/\/fabianpanisello.com\/en\/","logo":{"@type":"ImageObject","inLanguage":"en-GB","@id":"https:\/\/fabianpanisello.com\/en\/#\/schema\/logo\/image\/","url":"https:\/\/fabianpanisello.com\/en\/wp-content\/uploads\/2025\/03\/favicon.png","contentUrl":"https:\/\/fabianpanisello.com\/en\/wp-content\/uploads\/2025\/03\/favicon.png","width":472,"height":472,"caption":"Fabi\u00e1n Panisello"},"image":{"@id":"https:\/\/fabianpanisello.com\/en\/#\/schema\/logo\/image\/"},"sameAs":["https:\/\/www.facebook.com\/fabianandres.panisello","https:\/\/www.instagram.com\/fabianandrespanisello\/"]}]}},"_links":{"self":[{"href":"https:\/\/fabianpanisello.com\/en\/wp-json\/wp\/v2\/pages\/43","targetHints":{"allow":["GET"]}}],"collection":[{"href":"https:\/\/fabianpanisello.com\/en\/wp-json\/wp\/v2\/pages"}],"about":[{"href":"https:\/\/fabianpanisello.com\/en\/wp-json\/wp\/v2\/types\/page"}],"author":[{"embeddable":true,"href":"https:\/\/fabianpanisello.com\/en\/wp-json\/wp\/v2\/users\/1"}],"replies":[{"embeddable":true,"href":"https:\/\/fabianpanisello.com\/en\/wp-json\/wp\/v2\/comments?post=43"}],"version-history":[{"count":123,"href":"https:\/\/fabianpanisello.com\/en\/wp-json\/wp\/v2\/pages\/43\/revisions"}],"predecessor-version":[{"id":147862,"href":"https:\/\/fabianpanisello.com\/en\/wp-json\/wp\/v2\/pages\/43\/revisions\/147862"}],"wp:featuredmedia":[{"embeddable":true,"href":"https:\/\/fabianpanisello.com\/en\/wp-json\/wp\/v2\/media\/146163"}],"wp:attachment":[{"href":"https:\/\/fabianpanisello.com\/en\/wp-json\/wp\/v2\/media?parent=43"}],"curies":[{"name":"wp","href":"https:\/\/api.w.org\/{rel}","templated":true}]}}